{"id":7151,"date":"2026-01-30T13:48:47","date_gmt":"2026-01-30T16:48:47","guid":{"rendered":"https:\/\/josegarciailuminacion.com.ar\/?post_type=product&#038;p=7151"},"modified":"2026-02-02T13:01:09","modified_gmt":"2026-02-02T16:01:09","slug":"colgante-sunshine-80-49w-3000k-color-blanco-mate-dimerizable-candil","status":"publish","type":"product","link":"https:\/\/josegarciailuminacion.com.ar\/index.php\/producto\/colgante-sunshine-80-49w-3000k-color-blanco-mate-dimerizable-candil\/","title":{"rendered":"Colgante Sunshine 80 49W 3000K &#8211; Color: Blanco Mate &#8211; Dimerizable &#8211; Candil"},"content":{"rendered":"<p><strong data-start=\"36\" data-end=\"49\">ART\u00cdCULO:<\/strong> CTL920008049 BL<br data-start=\"65\" data-end=\"68\" \/><strong data-start=\"68\" data-end=\"78\" data-is-only-node=\"\">Watts:<\/strong> 49.00<br data-start=\"84\" data-end=\"87\" \/><strong data-start=\"87\" data-end=\"102\">Ancho (mm):<\/strong> 805.00<br data-start=\"109\" data-end=\"112\" \/><strong data-start=\"112\" data-end=\"126\">Alto (mm):<\/strong> 2100.00<br data-start=\"134\" data-end=\"137\" \/><strong data-start=\"137\" data-end=\"144\">IP:<\/strong> 20.00<br data-start=\"150\" data-end=\"153\" \/><strong data-start=\"153\" data-end=\"163\">Volts:<\/strong> 220.00<br data-start=\"170\" data-end=\"173\" \/><strong data-start=\"173\" data-end=\"185\">L\u00famenes:<\/strong> 4410.00<br data-start=\"193\" data-end=\"196\" \/><strong data-start=\"196\" data-end=\"209\">Material:<\/strong> Hierro + Aluminio + PVC<br data-start=\"233\" data-end=\"236\" \/><strong data-start=\"236\" data-end=\"261\">Cert. Seg. El\u00e9ctrica:<\/strong> BVA\/E\/0809-16\/Rev.03<\/p>\n","protected":false},"excerpt":{"rendered":"<p>ART\u00cdCULO: CTL920008049 BLWatts: 49.00Ancho (mm): 805.00Alto (mm): 2100.00IP: 20.00Volts: 220.00L\u00famenes: 4410.00Material: Hierro + Aluminio + PVCCert. Seg. El\u00e9ctrica: BVA\/E\/0809-16\/Rev.03<\/p>\n","protected":false},"featured_media":7154,"template":"","meta":{"om_disable_all_campaigns":false,"_monsterinsights_skip_tracking":false,"_monsterinsights_sitenote_active":false,"_monsterinsights_sitenote_note":"","_monsterinsights_sitenote_category":0,"site-sidebar-layout":"default","site-content-layout":"","ast-site-content-layout":"default","site-content-style":"default","site-sidebar-style":"default","ast-global-header-display":"","ast-banner-title-visibility":"","ast-main-header-display":"","ast-hfb-above-header-display":"","ast-hfb-below-header-display":"","ast-hfb-mobile-header-display":"","site-post-title":"","ast-breadcrumbs-content":"","ast-featured-img":"","footer-sml-layout":"","ast-disable-related-posts":"","theme-transparent-header-meta":"default","adv-header-id-meta":"","stick-header-meta":"","header-above-stick-meta":"","header-main-stick-meta":"","header-below-stick-meta":"","astra-migrate-meta-layouts":"set","ast-page-background-enabled":"default","ast-page-background-meta":{"desktop":{"background-color":"var(--ast-global-color-4)","background-image":"","background-repeat":"repeat","background-position":"center center","background-size":"auto","background-attachment":"scroll","background-type":"","background-media":"","overlay-type":"","overlay-color":"","overlay-opacity":"","overlay-gradient":""},"tablet":{"background-color":"","background-image":"","background-repeat":"repeat","background-position":"center center","background-size":"auto","background-attachment":"scroll","background-type":"","background-media":"","overlay-type":"","overlay-color":"","overlay-opacity":"","overlay-gradient":""},"mobile":{"background-color":"","background-image":"","background-repeat":"repeat","background-position":"center center","background-size":"auto","background-attachment":"scroll","background-type":"","background-media":"","overlay-type":"","overlay-color":"","overlay-opacity":"","overlay-gradient":""}},"ast-content-background-meta":{"desktop":{"background-color":"var(--ast-global-color-5)","background-image":"","background-repeat":"repeat","background-position":"center center","background-size":"auto","background-attachment":"scroll","background-type":"","background-media":"","overlay-type":"","overlay-color":"","overlay-opacity":"","overlay-gradient":""},"tablet":{"background-color":"var(--ast-global-color-5)","background-image":"","background-repeat":"repeat","background-position":"center center","background-size":"auto","background-attachment":"scroll","background-type":"","background-media":"","overlay-type":"","overlay-color":"","overlay-opacity":"","overlay-gradient":""},"mobile":{"background-color":"var(--ast-global-color-5)","background-image":"","background-repeat":"repeat","background-position":"center center","background-size":"auto","background-attachment":"scroll","background-type":"","background-media":"","overlay-type":"","overlay-color":"","overlay-opacity":"","overlay-gradient":""}},"_joinchat":[]},"product_brand":[],"product_cat":[46],"product_tag":[],"class_list":{"0":"post-7151","1":"product","2":"type-product","3":"status-publish","4":"has-post-thumbnail","6":"product_cat-colgantes","7":"pa_color-color-negro","8":"pa_luz-tipo-calida","9":"pa_marca-marca-candil","10":"desktop-align-left","11":"tablet-align-left","12":"mobile-align-left","14":"first","15":"instock","16":"shipping-taxable","17":"purchasable","18":"product-type-simple"},"aioseo_notices":[],"_links":{"self":[{"href":"https:\/\/josegarciailuminacion.com.ar\/index.php\/wp-json\/wp\/v2\/product\/7151","targetHints":{"allow":["GET"]}}],"collection":[{"href":"https:\/\/josegarciailuminacion.com.ar\/index.php\/wp-json\/wp\/v2\/product"}],"about":[{"href":"https:\/\/josegarciailuminacion.com.ar\/index.php\/wp-json\/wp\/v2\/types\/product"}],"wp:featuredmedia":[{"embeddable":true,"href":"https:\/\/josegarciailuminacion.com.ar\/index.php\/wp-json\/wp\/v2\/media\/7154"}],"wp:attachment":[{"href":"https:\/\/josegarciailuminacion.com.ar\/index.php\/wp-json\/wp\/v2\/media?parent=7151"}],"wp:term":[{"taxonomy":"product_brand","embeddable":true,"href":"https:\/\/josegarciailuminacion.com.ar\/index.php\/wp-json\/wp\/v2\/product_brand?post=7151"},{"taxonomy":"product_cat","embeddable":true,"href":"https:\/\/josegarciailuminacion.com.ar\/index.php\/wp-json\/wp\/v2\/product_cat?post=7151"},{"taxonomy":"product_tag","embeddable":true,"href":"https:\/\/josegarciailuminacion.com.ar\/index.php\/wp-json\/wp\/v2\/product_tag?post=7151"}],"curies":[{"name":"wp","href":"https:\/\/api.w.org\/{rel}","templated":true}]}}