{"id":6809,"date":"2025-08-18T11:22:20","date_gmt":"2025-08-18T14:22:20","guid":{"rendered":"https:\/\/josegarciailuminacion.com.ar\/?post_type=product&#038;p=6809"},"modified":"2025-08-19T09:26:57","modified_gmt":"2025-08-19T12:26:57","slug":"interruptor-termomagnetico-3p-15a-icn-45ka-baw","status":"publish","type":"product","link":"https:\/\/josegarciailuminacion.com.ar\/index.php\/producto\/interruptor-termomagnetico-3p-15a-icn-45ka-baw\/","title":{"rendered":"Interruptor termomagn\u00e9tico 3P. 15A Icn= 4,5kA. &#8211; BAW"},"content":{"rendered":"<p><span class=\"tit-4\">CARACTER\u00cdSTICAS DEL PRODUCTO<br \/>\n<\/span>Interruptor autom\u00e1tico termomagn\u00e9tico con se\u00f1alizaci\u00f3n de estado de los contactos, identificador de circuito, jaula de conexionado de seguridad y clip de 2 posiciones. IEC 60898-1.<\/p>\n<p>Certificado Nro.:<br \/>\nDC-E-E82-013.3 (C1)<br \/>\nCertificado expedido por:<br \/>\nIRAM<\/p>\n","protected":false},"excerpt":{"rendered":"<p>CARACTER\u00cdSTICAS DEL PRODUCTO Interruptor autom\u00e1tico termomagn\u00e9tico con se\u00f1alizaci\u00f3n de estado de los contactos, identificador de circuito, jaula de conexionado de [&hellip;]<\/p>\n","protected":false},"featured_media":6803,"template":"","meta":{"om_disable_all_campaigns":false,"_monsterinsights_skip_tracking":false,"_monsterinsights_sitenote_active":false,"_monsterinsights_sitenote_note":"","_monsterinsights_sitenote_category":0,"site-sidebar-layout":"default","site-content-layout":"","ast-site-content-layout":"default","site-content-style":"default","site-sidebar-style":"default","ast-global-header-display":"","ast-banner-title-visibility":"","ast-main-header-display":"","ast-hfb-above-header-display":"","ast-hfb-below-header-display":"","ast-hfb-mobile-header-display":"","site-post-title":"","ast-breadcrumbs-content":"","ast-featured-img":"","footer-sml-layout":"","ast-disable-related-posts":"","theme-transparent-header-meta":"default","adv-header-id-meta":"","stick-header-meta":"","header-above-stick-meta":"","header-main-stick-meta":"","header-below-stick-meta":"","astra-migrate-meta-layouts":"set","ast-page-background-enabled":"default","ast-page-background-meta":{"desktop":{"background-color":"var(--ast-global-color-4)","background-image":"","background-repeat":"repeat","background-position":"center center","background-size":"auto","background-attachment":"scroll","background-type":"","background-media":"","overlay-type":"","overlay-color":"","overlay-opacity":"","overlay-gradient":""},"tablet":{"background-color":"","background-image":"","background-repeat":"repeat","background-position":"center center","background-size":"auto","background-attachment":"scroll","background-type":"","background-media":"","overlay-type":"","overlay-color":"","overlay-opacity":"","overlay-gradient":""},"mobile":{"background-color":"","background-image":"","background-repeat":"repeat","background-position":"center center","background-size":"auto","background-attachment":"scroll","background-type":"","background-media":"","overlay-type":"","overlay-color":"","overlay-opacity":"","overlay-gradient":""}},"ast-content-background-meta":{"desktop":{"background-color":"var(--ast-global-color-5)","background-image":"","background-repeat":"repeat","background-position":"center center","background-size":"auto","background-attachment":"scroll","background-type":"","background-media":"","overlay-type":"","overlay-color":"","overlay-opacity":"","overlay-gradient":""},"tablet":{"background-color":"var(--ast-global-color-5)","background-image":"","background-repeat":"repeat","background-position":"center center","background-size":"auto","background-attachment":"scroll","background-type":"","background-media":"","overlay-type":"","overlay-color":"","overlay-opacity":"","overlay-gradient":""},"mobile":{"background-color":"var(--ast-global-color-5)","background-image":"","background-repeat":"repeat","background-position":"center center","background-size":"auto","background-attachment":"scroll","background-type":"","background-media":"","overlay-type":"","overlay-color":"","overlay-opacity":"","overlay-gradient":""}},"_joinchat":[]},"product_brand":[],"product_cat":[209],"product_tag":[],"class_list":{"0":"post-6809","1":"product","2":"type-product","3":"status-publish","4":"has-post-thumbnail","6":"product_cat-3-polos","7":"desktop-align-left","8":"tablet-align-left","9":"mobile-align-left","11":"first","12":"instock","13":"sale","14":"shipping-taxable","15":"purchasable","16":"product-type-simple"},"aioseo_notices":[],"_links":{"self":[{"href":"https:\/\/josegarciailuminacion.com.ar\/index.php\/wp-json\/wp\/v2\/product\/6809","targetHints":{"allow":["GET"]}}],"collection":[{"href":"https:\/\/josegarciailuminacion.com.ar\/index.php\/wp-json\/wp\/v2\/product"}],"about":[{"href":"https:\/\/josegarciailuminacion.com.ar\/index.php\/wp-json\/wp\/v2\/types\/product"}],"wp:featuredmedia":[{"embeddable":true,"href":"https:\/\/josegarciailuminacion.com.ar\/index.php\/wp-json\/wp\/v2\/media\/6803"}],"wp:attachment":[{"href":"https:\/\/josegarciailuminacion.com.ar\/index.php\/wp-json\/wp\/v2\/media?parent=6809"}],"wp:term":[{"taxonomy":"product_brand","embeddable":true,"href":"https:\/\/josegarciailuminacion.com.ar\/index.php\/wp-json\/wp\/v2\/product_brand?post=6809"},{"taxonomy":"product_cat","embeddable":true,"href":"https:\/\/josegarciailuminacion.com.ar\/index.php\/wp-json\/wp\/v2\/product_cat?post=6809"},{"taxonomy":"product_tag","embeddable":true,"href":"https:\/\/josegarciailuminacion.com.ar\/index.php\/wp-json\/wp\/v2\/product_tag?post=6809"}],"curies":[{"name":"wp","href":"https:\/\/api.w.org\/{rel}","templated":true}]}}