{"id":6716,"date":"2025-06-19T10:29:10","date_gmt":"2025-06-19T13:29:10","guid":{"rendered":"https:\/\/josegarciailuminacion.com.ar\/?post_type=product&#038;p=6716"},"modified":"2025-12-23T13:08:44","modified_gmt":"2025-12-23T16:08:44","slug":"estaca-reflector-solar-led-exterior-sica","status":"publish","type":"product","link":"https:\/\/josegarciailuminacion.com.ar\/index.php\/producto\/estaca-reflector-solar-led-exterior-sica\/","title":{"rendered":"Estaca Reflector Solar LED exterior &#8211; Sica"},"content":{"rendered":"<p>Presentamos la Estaca Solar, una soluci\u00f3n amigable con el ambiente que permite iluminar de manera eficiente tus espacios.<br \/>\nCon un panel solar incorporado y orientable manualmente, permite un montaje adaptable, ya sea instalada en tierra con su estaca o montada en la pared con tornillos.<br \/>\nLa bater\u00eda interna recargable de litio 3.7V 1800mAh se carga a trav\u00e9s del panel solar que aprovecha la luz del sol durante el d\u00eda, con un tiempo de carga superior a 5 horas, seg\u00fan las condiciones clim\u00e1ticas. Disfruta de hasta 6 horas de autonom\u00eda m\u00e1xima una vez completamente cargada.<br \/>\nLos LEDs de 4000K (blanco neutro) se encienden autom\u00e1ticamente al anochecer y durante un m\u00e1ximo de 6 hs. Adem\u00e1s, la intensidad es regulable en 4 niveles (100%, 60%, 30%, apagado), controlable con un bot\u00f3n en la parte trasera.<br \/>\nApta para uso en diferentes entornos, la Estaca Solar combina funcionalidad y dise\u00f1o para satisfacer tus necesidades de iluminaci\u00f3n. Ya sea resaltando detalles arquitect\u00f3nicos, proporcionando seguridad en entradas y pasillos, o creando un ambiente acogedor en terrazas y balcones, este producto se adapta a diversos usos.<\/p>\n<p>Algunos usos:<br \/>\n-Resaltar detalles arquitect\u00f3nicos<br \/>\n-Luz de entrada<br \/>\n-Decoraci\u00f3n de terrazas y balcones<br \/>\n-Iluminaci\u00f3n de senderos y jardines.<br \/>\n-Destacar \u00e1reas de paisajismo.<br \/>\n-Iluminaci\u00f3n decorativa en patios.<\/p>\n<p>*Tener en cuenta que la carga m\u00e1xima de la bater\u00eda depender\u00e1 de las condiciones clim\u00e1ticas (nubosidad, sombras, lluvia, tiempo exposici\u00f3n al sol) y de c\u00f3mo inciden los rayos del sol en sobre el panel solar.<\/p>\n","protected":false},"excerpt":{"rendered":"<p>Presentamos la Estaca Solar, una soluci\u00f3n amigable con el ambiente que permite iluminar de manera eficiente tus espacios. Con un [&hellip;]<\/p>\n","protected":false},"featured_media":6718,"template":"","meta":{"om_disable_all_campaigns":false,"_monsterinsights_skip_tracking":false,"_monsterinsights_sitenote_active":false,"_monsterinsights_sitenote_note":"","_monsterinsights_sitenote_category":0,"site-sidebar-layout":"default","site-content-layout":"","ast-site-content-layout":"default","site-content-style":"default","site-sidebar-style":"default","ast-global-header-display":"","ast-banner-title-visibility":"","ast-main-header-display":"","ast-hfb-above-header-display":"","ast-hfb-below-header-display":"","ast-hfb-mobile-header-display":"","site-post-title":"","ast-breadcrumbs-content":"","ast-featured-img":"","footer-sml-layout":"","ast-disable-related-posts":"","theme-transparent-header-meta":"default","adv-header-id-meta":"","stick-header-meta":"","header-above-stick-meta":"","header-main-stick-meta":"","header-below-stick-meta":"","astra-migrate-meta-layouts":"set","ast-page-background-enabled":"default","ast-page-background-meta":{"desktop":{"background-color":"var(--ast-global-color-4)","background-image":"","background-repeat":"repeat","background-position":"center center","background-size":"auto","background-attachment":"scroll","background-type":"","background-media":"","overlay-type":"","overlay-color":"","overlay-opacity":"","overlay-gradient":""},"tablet":{"background-color":"","background-image":"","background-repeat":"repeat","background-position":"center center","background-size":"auto","background-attachment":"scroll","background-type":"","background-media":"","overlay-type":"","overlay-color":"","overlay-opacity":"","overlay-gradient":""},"mobile":{"background-color":"","background-image":"","background-repeat":"repeat","background-position":"center center","background-size":"auto","background-attachment":"scroll","background-type":"","background-media":"","overlay-type":"","overlay-color":"","overlay-opacity":"","overlay-gradient":""}},"ast-content-background-meta":{"desktop":{"background-color":"var(--ast-global-color-5)","background-image":"","background-repeat":"repeat","background-position":"center center","background-size":"auto","background-attachment":"scroll","background-type":"","background-media":"","overlay-type":"","overlay-color":"","overlay-opacity":"","overlay-gradient":""},"tablet":{"background-color":"var(--ast-global-color-5)","background-image":"","background-repeat":"repeat","background-position":"center center","background-size":"auto","background-attachment":"scroll","background-type":"","background-media":"","overlay-type":"","overlay-color":"","overlay-opacity":"","overlay-gradient":""},"mobile":{"background-color":"var(--ast-global-color-5)","background-image":"","background-repeat":"repeat","background-position":"center center","background-size":"auto","background-attachment":"scroll","background-type":"","background-media":"","overlay-type":"","overlay-color":"","overlay-opacity":"","overlay-gradient":""}},"_joinchat":[]},"product_brand":[],"product_cat":[61,60],"product_tag":[],"class_list":{"0":"post-6716","1":"product","2":"type-product","3":"status-publish","4":"has-post-thumbnail","6":"product_cat-piso-exterior","7":"product_cat-solares-exterior","8":"pa_color-color-negro","9":"pa_luz-tipo-neutra","10":"pa_marca-sica","11":"desktop-align-left","12":"tablet-align-left","13":"mobile-align-left","15":"first","16":"instock","17":"shipping-taxable","18":"purchasable","19":"product-type-simple"},"aioseo_notices":[],"_links":{"self":[{"href":"https:\/\/josegarciailuminacion.com.ar\/index.php\/wp-json\/wp\/v2\/product\/6716","targetHints":{"allow":["GET"]}}],"collection":[{"href":"https:\/\/josegarciailuminacion.com.ar\/index.php\/wp-json\/wp\/v2\/product"}],"about":[{"href":"https:\/\/josegarciailuminacion.com.ar\/index.php\/wp-json\/wp\/v2\/types\/product"}],"wp:featuredmedia":[{"embeddable":true,"href":"https:\/\/josegarciailuminacion.com.ar\/index.php\/wp-json\/wp\/v2\/media\/6718"}],"wp:attachment":[{"href":"https:\/\/josegarciailuminacion.com.ar\/index.php\/wp-json\/wp\/v2\/media?parent=6716"}],"wp:term":[{"taxonomy":"product_brand","embeddable":true,"href":"https:\/\/josegarciailuminacion.com.ar\/index.php\/wp-json\/wp\/v2\/product_brand?post=6716"},{"taxonomy":"product_cat","embeddable":true,"href":"https:\/\/josegarciailuminacion.com.ar\/index.php\/wp-json\/wp\/v2\/product_cat?post=6716"},{"taxonomy":"product_tag","embeddable":true,"href":"https:\/\/josegarciailuminacion.com.ar\/index.php\/wp-json\/wp\/v2\/product_tag?post=6716"}],"curies":[{"name":"wp","href":"https:\/\/api.w.org\/{rel}","templated":true}]}}