{"id":6137,"date":"2025-02-24T13:44:04","date_gmt":"2025-02-24T16:44:04","guid":{"rendered":"https:\/\/josegarciailuminacion.com.ar\/?post_type=product&#038;p=6137"},"modified":"2026-02-10T10:01:47","modified_gmt":"2026-02-10T13:01:47","slug":"velador-dimeable-4-en-1-minerva-macroled","status":"publish","type":"product","link":"https:\/\/josegarciailuminacion.com.ar\/index.php\/producto\/velador-dimeable-4-en-1-minerva-macroled\/","title":{"rendered":"Velador Dimeable 4 En 1 Minerva &#8211; Macroled"},"content":{"rendered":"<p>Informacion del producto:<br \/>\n&#8211; Memoria de \u00faltima funci\u00f3n Si<br \/>\n&#8211; LED SMD: 2835 &#8211; 12pcs<br \/>\n&#8211; L\u00famenes: 120lm<br \/>\n&#8211; Modelo: MINERVA BLANCO \/ NEGRO<br \/>\n&#8211; Potencia: 4W<br \/>\n&#8211; Tensi\u00f3n AC100-240V<br \/>\n&#8211; Funci\u00f3n Dimeable: Si<br \/>\n&#8211; Material del Cuerpo: ABS + ALUMINIO + PS<br \/>\n&#8211; CRI: Ra&gt;90<br \/>\n&#8211; Dimensiones: 120 x 120 x 350 mm<br \/>\n&#8211; Temperatura: Blanco C\u00e1lido<\/p>\n<ul>\n<li>Marca: Macroled<\/li>\n<li>\u00a0Modelo: Minerva<\/li>\n<li>\u00a0Voltaje: 5V<\/li>\n<li>\u00a0Ancho total: 12,4 cm<\/li>\n<li>\u00a0Di\u00e1metro total: 7,52 cm<\/li>\n<li>\u00a0Altura total: 18,8 cm<\/li>\n<li>\u00a0Color De La Estructura: Blanco<\/li>\n<li>\u00a0Color De La Pantalla: Blanco<\/li>\n<li>\u00a0Tecnolog\u00eda de iluminaci\u00f3n: LED<\/li>\n<li>\u00a0Material de la estructura: Metal<\/li>\n<li>\u00a0Material de la pantalla: ABS<\/li>\n<li>\u00a0Con USB: S\u00ed<\/li>\n<\/ul>\n<p>El producto incluye LED Integrado<\/p>\n<p>&nbsp;<\/p>\n","protected":false},"excerpt":{"rendered":"<p>Informacion del producto: &#8211; Memoria de \u00faltima funci\u00f3n Si &#8211; LED SMD: 2835 &#8211; 12pcs &#8211; L\u00famenes: 120lm &#8211; Modelo: [&hellip;]<\/p>\n","protected":false},"featured_media":6139,"template":"","meta":{"om_disable_all_campaigns":false,"_monsterinsights_skip_tracking":false,"_monsterinsights_sitenote_active":false,"_monsterinsights_sitenote_note":"","_monsterinsights_sitenote_category":0,"site-sidebar-layout":"default","site-content-layout":"","ast-site-content-layout":"default","site-content-style":"default","site-sidebar-style":"default","ast-global-header-display":"","ast-banner-title-visibility":"","ast-main-header-display":"","ast-hfb-above-header-display":"","ast-hfb-below-header-display":"","ast-hfb-mobile-header-display":"","site-post-title":"","ast-breadcrumbs-content":"","ast-featured-img":"","footer-sml-layout":"","ast-disable-related-posts":"","theme-transparent-header-meta":"default","adv-header-id-meta":"","stick-header-meta":"","header-above-stick-meta":"","header-main-stick-meta":"","header-below-stick-meta":"","astra-migrate-meta-layouts":"set","ast-page-background-enabled":"default","ast-page-background-meta":{"desktop":{"background-color":"var(--ast-global-color-4)","background-image":"","background-repeat":"repeat","background-position":"center center","background-size":"auto","background-attachment":"scroll","background-type":"","background-media":"","overlay-type":"","overlay-color":"","overlay-opacity":"","overlay-gradient":""},"tablet":{"background-color":"","background-image":"","background-repeat":"repeat","background-position":"center center","background-size":"auto","background-attachment":"scroll","background-type":"","background-media":"","overlay-type":"","overlay-color":"","overlay-opacity":"","overlay-gradient":""},"mobile":{"background-color":"","background-image":"","background-repeat":"repeat","background-position":"center center","background-size":"auto","background-attachment":"scroll","background-type":"","background-media":"","overlay-type":"","overlay-color":"","overlay-opacity":"","overlay-gradient":""}},"ast-content-background-meta":{"desktop":{"background-color":"var(--ast-global-color-5)","background-image":"","background-repeat":"repeat","background-position":"center center","background-size":"auto","background-attachment":"scroll","background-type":"","background-media":"","overlay-type":"","overlay-color":"","overlay-opacity":"","overlay-gradient":""},"tablet":{"background-color":"var(--ast-global-color-5)","background-image":"","background-repeat":"repeat","background-position":"center center","background-size":"auto","background-attachment":"scroll","background-type":"","background-media":"","overlay-type":"","overlay-color":"","overlay-opacity":"","overlay-gradient":""},"mobile":{"background-color":"var(--ast-global-color-5)","background-image":"","background-repeat":"repeat","background-position":"center center","background-size":"auto","background-attachment":"scroll","background-type":"","background-media":"","overlay-type":"","overlay-color":"","overlay-opacity":"","overlay-gradient":""}},"_joinchat":[]},"product_brand":[],"product_cat":[51],"product_tag":[],"class_list":{"0":"post-6137","1":"product","2":"type-product","3":"status-publish","4":"has-post-thumbnail","6":"product_cat-lamparas-de-mesa","7":"pa_cantidad-luces-145","8":"pa_color-color-blanco","9":"pa_luz-tipo-calida","10":"pa_marca-marca-macroled","11":"desktop-align-left","12":"tablet-align-left","13":"mobile-align-left","15":"first","16":"instock","17":"shipping-taxable","18":"purchasable","19":"product-type-simple"},"aioseo_notices":[],"_links":{"self":[{"href":"https:\/\/josegarciailuminacion.com.ar\/index.php\/wp-json\/wp\/v2\/product\/6137","targetHints":{"allow":["GET"]}}],"collection":[{"href":"https:\/\/josegarciailuminacion.com.ar\/index.php\/wp-json\/wp\/v2\/product"}],"about":[{"href":"https:\/\/josegarciailuminacion.com.ar\/index.php\/wp-json\/wp\/v2\/types\/product"}],"wp:featuredmedia":[{"embeddable":true,"href":"https:\/\/josegarciailuminacion.com.ar\/index.php\/wp-json\/wp\/v2\/media\/6139"}],"wp:attachment":[{"href":"https:\/\/josegarciailuminacion.com.ar\/index.php\/wp-json\/wp\/v2\/media?parent=6137"}],"wp:term":[{"taxonomy":"product_brand","embeddable":true,"href":"https:\/\/josegarciailuminacion.com.ar\/index.php\/wp-json\/wp\/v2\/product_brand?post=6137"},{"taxonomy":"product_cat","embeddable":true,"href":"https:\/\/josegarciailuminacion.com.ar\/index.php\/wp-json\/wp\/v2\/product_cat?post=6137"},{"taxonomy":"product_tag","embeddable":true,"href":"https:\/\/josegarciailuminacion.com.ar\/index.php\/wp-json\/wp\/v2\/product_tag?post=6137"}],"curies":[{"name":"wp","href":"https:\/\/api.w.org\/{rel}","templated":true}]}}