{"id":5827,"date":"2024-12-13T14:14:28","date_gmt":"2024-12-13T17:14:28","guid":{"rendered":"https:\/\/josegarciailuminacion.com.ar\/?post_type=product&#038;p=5827"},"modified":"2025-10-07T11:48:16","modified_gmt":"2025-10-07T14:48:16","slug":"lampara-globo-g120-18w-e27-luz-calida-macroled","status":"publish","type":"product","link":"https:\/\/josegarciailuminacion.com.ar\/index.php\/producto\/lampara-globo-g120-18w-e27-luz-calida-macroled\/","title":{"rendered":"Lampara Globo G120 &#8211; 18W &#8211; E27 &#8211; Luz Calida &#8211; Macroled"},"content":{"rendered":"<p>Potencia: 18W<br \/>\nEficiencia Energ\u00e9tica Argentina: A++<br \/>\nEficiencia Energ\u00e9tica Per\u00fa: A<br \/>\nTensi\u00f3n: AC180-240V<br \/>\nReemplazo: Incandescente 120W<br \/>\nModelo: G120-18-E27<br \/>\nCorriente: 150mA<br \/>\nConector: E27<br \/>\nFactor de Potencia: 0.5<br \/>\nProtecci\u00f3n IP: IP20<br \/>\nProtecci\u00f3n IK: IK00<br \/>\n\u00c1ngulo de Apertura: 200\u00b0<br \/>\nMaterial del Cuerpo: PC y Aluminio<br \/>\nMaterial del Lente: Policarbonato<br \/>\nTipo de Chip: 2835 &#8211; 66pcs<br \/>\nTama\u00f1o de L\u00e1mpara: \u00f8122&#215;165 mm<br \/>\nPeso de L\u00e1mpara: 130g<br \/>\nDimerizable: No<br \/>\nTipo de Blanco: Calida 2700k<br \/>\nL\u00famenes por Watt: 90 lm x W<br \/>\nFrecuencia: 50-60Hz<br \/>\nAnti-High-Volt: 3000V<br \/>\nEMC: Si<br \/>\nClase: 2<br \/>\nSDCM: 6<br \/>\nTemperatura de Trabajo: -25\u00b0 +40\u00b0<br \/>\nR9: Alto<br \/>\nCRI: 80Ra<br \/>\nIC Driver: Si<\/p>\n","protected":false},"excerpt":{"rendered":"<p>Potencia: 18W Eficiencia Energ\u00e9tica Argentina: A++ Eficiencia Energ\u00e9tica Per\u00fa: A Tensi\u00f3n: AC180-240V Reemplazo: Incandescente 120W Modelo: G120-18-E27 Corriente: 150mA Conector: [&hellip;]<\/p>\n","protected":false},"featured_media":5609,"template":"","meta":{"om_disable_all_campaigns":false,"_monsterinsights_skip_tracking":false,"_monsterinsights_sitenote_active":false,"_monsterinsights_sitenote_note":"","_monsterinsights_sitenote_category":0,"site-sidebar-layout":"default","site-content-layout":"","ast-site-content-layout":"default","site-content-style":"default","site-sidebar-style":"default","ast-global-header-display":"","ast-banner-title-visibility":"","ast-main-header-display":"","ast-hfb-above-header-display":"","ast-hfb-below-header-display":"","ast-hfb-mobile-header-display":"","site-post-title":"","ast-breadcrumbs-content":"","ast-featured-img":"","footer-sml-layout":"","ast-disable-related-posts":"","theme-transparent-header-meta":"default","adv-header-id-meta":"","stick-header-meta":"","header-above-stick-meta":"","header-main-stick-meta":"","header-below-stick-meta":"","astra-migrate-meta-layouts":"set","ast-page-background-enabled":"default","ast-page-background-meta":{"desktop":{"background-color":"var(--ast-global-color-4)","background-image":"","background-repeat":"repeat","background-position":"center center","background-size":"auto","background-attachment":"scroll","background-type":"","background-media":"","overlay-type":"","overlay-color":"","overlay-opacity":"","overlay-gradient":""},"tablet":{"background-color":"","background-image":"","background-repeat":"repeat","background-position":"center center","background-size":"auto","background-attachment":"scroll","background-type":"","background-media":"","overlay-type":"","overlay-color":"","overlay-opacity":"","overlay-gradient":""},"mobile":{"background-color":"","background-image":"","background-repeat":"repeat","background-position":"center center","background-size":"auto","background-attachment":"scroll","background-type":"","background-media":"","overlay-type":"","overlay-color":"","overlay-opacity":"","overlay-gradient":""}},"ast-content-background-meta":{"desktop":{"background-color":"var(--ast-global-color-5)","background-image":"","background-repeat":"repeat","background-position":"center center","background-size":"auto","background-attachment":"scroll","background-type":"","background-media":"","overlay-type":"","overlay-color":"","overlay-opacity":"","overlay-gradient":""},"tablet":{"background-color":"var(--ast-global-color-5)","background-image":"","background-repeat":"repeat","background-position":"center center","background-size":"auto","background-attachment":"scroll","background-type":"","background-media":"","overlay-type":"","overlay-color":"","overlay-opacity":"","overlay-gradient":""},"mobile":{"background-color":"var(--ast-global-color-5)","background-image":"","background-repeat":"repeat","background-position":"center center","background-size":"auto","background-attachment":"scroll","background-type":"","background-media":"","overlay-type":"","overlay-color":"","overlay-opacity":"","overlay-gradient":""}},"_joinchat":[]},"product_brand":[],"product_cat":[173],"product_tag":[],"class_list":{"0":"post-5827","1":"product","2":"type-product","3":"status-publish","4":"has-post-thumbnail","6":"product_cat-lamparas-globo","7":"pa_color-color-blanco","8":"pa_luz-tipo-calida","9":"pa_marca-marca-macroled","10":"pa_zocalo-e27","11":"desktop-align-left","12":"tablet-align-left","13":"mobile-align-left","15":"first","16":"instock","17":"shipping-taxable","18":"purchasable","19":"product-type-simple"},"aioseo_notices":[],"_links":{"self":[{"href":"https:\/\/josegarciailuminacion.com.ar\/index.php\/wp-json\/wp\/v2\/product\/5827","targetHints":{"allow":["GET"]}}],"collection":[{"href":"https:\/\/josegarciailuminacion.com.ar\/index.php\/wp-json\/wp\/v2\/product"}],"about":[{"href":"https:\/\/josegarciailuminacion.com.ar\/index.php\/wp-json\/wp\/v2\/types\/product"}],"wp:featuredmedia":[{"embeddable":true,"href":"https:\/\/josegarciailuminacion.com.ar\/index.php\/wp-json\/wp\/v2\/media\/5609"}],"wp:attachment":[{"href":"https:\/\/josegarciailuminacion.com.ar\/index.php\/wp-json\/wp\/v2\/media?parent=5827"}],"wp:term":[{"taxonomy":"product_brand","embeddable":true,"href":"https:\/\/josegarciailuminacion.com.ar\/index.php\/wp-json\/wp\/v2\/product_brand?post=5827"},{"taxonomy":"product_cat","embeddable":true,"href":"https:\/\/josegarciailuminacion.com.ar\/index.php\/wp-json\/wp\/v2\/product_cat?post=5827"},{"taxonomy":"product_tag","embeddable":true,"href":"https:\/\/josegarciailuminacion.com.ar\/index.php\/wp-json\/wp\/v2\/product_tag?post=5827"}],"curies":[{"name":"wp","href":"https:\/\/api.w.org\/{rel}","templated":true}]}}