{"id":5806,"date":"2024-12-13T13:14:05","date_gmt":"2024-12-13T16:14:05","guid":{"rendered":"https:\/\/josegarciailuminacion.com.ar\/?post_type=product&#038;p=5806"},"modified":"2025-10-07T11:48:16","modified_gmt":"2025-10-07T14:48:16","slug":"fuente-interior-riel-din-60w-12v-5a-ip20-macroled","status":"publish","type":"product","link":"https:\/\/josegarciailuminacion.com.ar\/index.php\/producto\/fuente-interior-riel-din-60w-12v-5a-ip20-macroled\/","title":{"rendered":"Fuente Interior Riel Din 60W &#8211; 12V &#8211; 5A &#8211; IP20 &#8211; Macroled"},"content":{"rendered":"<p>Resistencia de tensi\u00f3n: I\/P-O\/P:1.5KVAC I\/P-FG:1.5KVAC O\/P-FG:0.5KVAC<br \/>\nDisposici\u00f3n2: 800MS, 60MS, 50MS<br \/>\nBornes DC: 4 = 2(V+) y 2(V-)<br \/>\nCorriente AC: 1.5A\/115V 0.75\/230V<br \/>\nBornes AC: 2 = L y N<br \/>\nCorriente de Fuga AC: &lt; 1mA\/240VAC<br \/>\nModelo: DR-60-24<br \/>\nProtecci\u00f3n IP: IP20<br \/>\nTama\u00f1o: 93\u00d778\u00d756mm<br \/>\nPeso: 0.3Kg<br \/>\nTemperatura de Trabajo: -10\u00b0C +60\u00b0C<br \/>\nRango de Tensi\u00f3n AC: AC100~240V 50\/60Hz<br \/>\nEficiencia AC: 0.77<br \/>\nCorriente Alterna de Irrupci\u00f3n AC: 30A\/ 115V 60A\/ 230V<br \/>\nTensi\u00f3n DC: 24V<br \/>\nCorriente Nominal DC: 2.5A<br \/>\nRango de Ajuste de Tensi\u00f3n DC: \u00b110%<br \/>\nRango de Corriente DC: 0-2.5A<br \/>\nTolerancia DC: \u00b11%<br \/>\nRizado y Ruido DC: 480mVp-p<br \/>\nEstabilidad interna y de carga: \u00b11%<br \/>\nAlmacenamiento de trabajo: -20\u00b0C +85\u00b0C<br \/>\nConexi\u00f3n: Bornera ajustable<br \/>\nHumedad de almacenamiento: 10% 95%RH<br \/>\nHumedad de trabajo: 20% 90%RH<br \/>\nPotencia DC: 60W<br \/>\nProtecci\u00f3n contra sobrecarga: 105%~150%<br \/>\nProtecci\u00f3n contra sobretensi\u00f3n: 28-33V<br \/>\nResistencia de aislamiento: I\/P-O\/P, I\/P-FG, O\/P-FG:100M Ohms\/500VDC<br \/>\nVibraci\u00f3n: 10~500HZ, 2G 10min,1 ciclo periodo 60min.<\/p>\n","protected":false},"excerpt":{"rendered":"<p>Resistencia de tensi\u00f3n: I\/P-O\/P:1.5KVAC I\/P-FG:1.5KVAC O\/P-FG:0.5KVAC Disposici\u00f3n2: 800MS, 60MS, 50MS Bornes DC: 4 = 2(V+) y 2(V-) Corriente AC: 1.5A\/115V [&hellip;]<\/p>\n","protected":false},"featured_media":5807,"template":"","meta":{"om_disable_all_campaigns":false,"_monsterinsights_skip_tracking":false,"_monsterinsights_sitenote_active":false,"_monsterinsights_sitenote_note":"","_monsterinsights_sitenote_category":0,"site-sidebar-layout":"default","site-content-layout":"","ast-site-content-layout":"default","site-content-style":"default","site-sidebar-style":"default","ast-global-header-display":"","ast-banner-title-visibility":"","ast-main-header-display":"","ast-hfb-above-header-display":"","ast-hfb-below-header-display":"","ast-hfb-mobile-header-display":"","site-post-title":"","ast-breadcrumbs-content":"","ast-featured-img":"","footer-sml-layout":"","ast-disable-related-posts":"","theme-transparent-header-meta":"default","adv-header-id-meta":"","stick-header-meta":"","header-above-stick-meta":"","header-main-stick-meta":"","header-below-stick-meta":"","astra-migrate-meta-layouts":"set","ast-page-background-enabled":"default","ast-page-background-meta":{"desktop":{"background-color":"var(--ast-global-color-4)","background-image":"","background-repeat":"repeat","background-position":"center center","background-size":"auto","background-attachment":"scroll","background-type":"","background-media":"","overlay-type":"","overlay-color":"","overlay-opacity":"","overlay-gradient":""},"tablet":{"background-color":"","background-image":"","background-repeat":"repeat","background-position":"center center","background-size":"auto","background-attachment":"scroll","background-type":"","background-media":"","overlay-type":"","overlay-color":"","overlay-opacity":"","overlay-gradient":""},"mobile":{"background-color":"","background-image":"","background-repeat":"repeat","background-position":"center center","background-size":"auto","background-attachment":"scroll","background-type":"","background-media":"","overlay-type":"","overlay-color":"","overlay-opacity":"","overlay-gradient":""}},"ast-content-background-meta":{"desktop":{"background-color":"var(--ast-global-color-5)","background-image":"","background-repeat":"repeat","background-position":"center center","background-size":"auto","background-attachment":"scroll","background-type":"","background-media":"","overlay-type":"","overlay-color":"","overlay-opacity":"","overlay-gradient":""},"tablet":{"background-color":"var(--ast-global-color-5)","background-image":"","background-repeat":"repeat","background-position":"center center","background-size":"auto","background-attachment":"scroll","background-type":"","background-media":"","overlay-type":"","overlay-color":"","overlay-opacity":"","overlay-gradient":""},"mobile":{"background-color":"var(--ast-global-color-5)","background-image":"","background-repeat":"repeat","background-position":"center center","background-size":"auto","background-attachment":"scroll","background-type":"","background-media":"","overlay-type":"","overlay-color":"","overlay-opacity":"","overlay-gradient":""}},"_joinchat":[]},"product_brand":[],"product_cat":[195],"product_tag":[],"class_list":{"0":"post-5806","1":"product","2":"type-product","3":"status-publish","4":"has-post-thumbnail","6":"product_cat-accesorios-y-fuentes","7":"pa_marca-marca-macroled","8":"desktop-align-left","9":"tablet-align-left","10":"mobile-align-left","12":"first","13":"instock","14":"shipping-taxable","15":"purchasable","16":"product-type-simple"},"aioseo_notices":[],"_links":{"self":[{"href":"https:\/\/josegarciailuminacion.com.ar\/index.php\/wp-json\/wp\/v2\/product\/5806","targetHints":{"allow":["GET"]}}],"collection":[{"href":"https:\/\/josegarciailuminacion.com.ar\/index.php\/wp-json\/wp\/v2\/product"}],"about":[{"href":"https:\/\/josegarciailuminacion.com.ar\/index.php\/wp-json\/wp\/v2\/types\/product"}],"wp:featuredmedia":[{"embeddable":true,"href":"https:\/\/josegarciailuminacion.com.ar\/index.php\/wp-json\/wp\/v2\/media\/5807"}],"wp:attachment":[{"href":"https:\/\/josegarciailuminacion.com.ar\/index.php\/wp-json\/wp\/v2\/media?parent=5806"}],"wp:term":[{"taxonomy":"product_brand","embeddable":true,"href":"https:\/\/josegarciailuminacion.com.ar\/index.php\/wp-json\/wp\/v2\/product_brand?post=5806"},{"taxonomy":"product_cat","embeddable":true,"href":"https:\/\/josegarciailuminacion.com.ar\/index.php\/wp-json\/wp\/v2\/product_cat?post=5806"},{"taxonomy":"product_tag","embeddable":true,"href":"https:\/\/josegarciailuminacion.com.ar\/index.php\/wp-json\/wp\/v2\/product_tag?post=5806"}],"curies":[{"name":"wp","href":"https:\/\/api.w.org\/{rel}","templated":true}]}}