{"id":5619,"date":"2024-12-11T13:57:18","date_gmt":"2024-12-11T16:57:18","guid":{"rendered":"https:\/\/josegarciailuminacion.com.ar\/?post_type=product&#038;p=5619"},"modified":"2025-10-07T11:51:34","modified_gmt":"2025-10-07T14:51:34","slug":"lampara-bulbo-led-de-filamento-deco-color-4w-e27-color-de-la-luz-azul-macroled","status":"publish","type":"product","link":"https:\/\/josegarciailuminacion.com.ar\/index.php\/producto\/lampara-bulbo-led-de-filamento-deco-color-4w-e27-color-de-la-luz-azul-macroled\/","title":{"rendered":"Lampara Bulbo Led De Filamento Deco Color &#8211; 4w &#8211; E27 &#8211; Color de la luz Azul &#8211; Macroled"},"content":{"rendered":"<p>Potencia: 4W<br \/>\nEficiencia Energ\u00e9tica Argentina: A++<br \/>\nTensi\u00f3n: AC180-265V<br \/>\nReemplazo: Incandescente 100W<br \/>\nModelo: BFA60-4R<br \/>\nConector: E27<br \/>\nCorriente: 36mA<br \/>\nFactor de Potencia: 0.5<br \/>\nProtecci\u00f3n IP: IP20<br \/>\nProtecci\u00f3n IK: IK00<br \/>\n\u00c1ngulo de Apertura: Vidrio<br \/>\nMaterial del Cuerpo: 360\u00b0<br \/>\nMaterial del Lente: Vidrio<br \/>\nTipo de Chip: 4 Filamentos LED<br \/>\nTama\u00f1o de L\u00e1mpara: \u00f860x105mm<br \/>\nPeso de L\u00e1mpara: 30g<br \/>\nDimerizable: No<br \/>\nCantidad por Master: 10\/100pcs<br \/>\nTipo de Blanco: Azul 625NM<br \/>\nL\u00famenes por Watt: N\/A<br \/>\nFlujo Luminoso: N\/A<br \/>\nFrecuencia: 50-60Hz<br \/>\nAnti-High-Volt: 1500V<br \/>\nEMC: Si<br \/>\nClase: 2<br \/>\nSDCM: 4<br \/>\nTemperatura de Trabajo: -20\u00b0 +40\u00b0<br \/>\nR9: Superior<br \/>\nCRI: 80Ra<br \/>\nIC Driver: 0.5s<\/p>\n","protected":false},"excerpt":{"rendered":"<p>Potencia: 4W Eficiencia Energ\u00e9tica Argentina: A++ Tensi\u00f3n: AC180-265V Reemplazo: Incandescente 100W Modelo: BFA60-4R Conector: E27 Corriente: 36mA Factor de Potencia: [&hellip;]<\/p>\n","protected":false},"featured_media":5641,"template":"","meta":{"om_disable_all_campaigns":false,"_monsterinsights_skip_tracking":false,"_monsterinsights_sitenote_active":false,"_monsterinsights_sitenote_note":"","_monsterinsights_sitenote_category":0,"site-sidebar-layout":"default","site-content-layout":"","ast-site-content-layout":"default","site-content-style":"default","site-sidebar-style":"default","ast-global-header-display":"","ast-banner-title-visibility":"","ast-main-header-display":"","ast-hfb-above-header-display":"","ast-hfb-below-header-display":"","ast-hfb-mobile-header-display":"","site-post-title":"","ast-breadcrumbs-content":"","ast-featured-img":"","footer-sml-layout":"","ast-disable-related-posts":"","theme-transparent-header-meta":"default","adv-header-id-meta":"","stick-header-meta":"","header-above-stick-meta":"","header-main-stick-meta":"","header-below-stick-meta":"","astra-migrate-meta-layouts":"set","ast-page-background-enabled":"default","ast-page-background-meta":{"desktop":{"background-color":"var(--ast-global-color-4)","background-image":"","background-repeat":"repeat","background-position":"center center","background-size":"auto","background-attachment":"scroll","background-type":"","background-media":"","overlay-type":"","overlay-color":"","overlay-opacity":"","overlay-gradient":""},"tablet":{"background-color":"","background-image":"","background-repeat":"repeat","background-position":"center center","background-size":"auto","background-attachment":"scroll","background-type":"","background-media":"","overlay-type":"","overlay-color":"","overlay-opacity":"","overlay-gradient":""},"mobile":{"background-color":"","background-image":"","background-repeat":"repeat","background-position":"center center","background-size":"auto","background-attachment":"scroll","background-type":"","background-media":"","overlay-type":"","overlay-color":"","overlay-opacity":"","overlay-gradient":""}},"ast-content-background-meta":{"desktop":{"background-color":"var(--ast-global-color-5)","background-image":"","background-repeat":"repeat","background-position":"center center","background-size":"auto","background-attachment":"scroll","background-type":"","background-media":"","overlay-type":"","overlay-color":"","overlay-opacity":"","overlay-gradient":""},"tablet":{"background-color":"var(--ast-global-color-5)","background-image":"","background-repeat":"repeat","background-position":"center center","background-size":"auto","background-attachment":"scroll","background-type":"","background-media":"","overlay-type":"","overlay-color":"","overlay-opacity":"","overlay-gradient":""},"mobile":{"background-color":"var(--ast-global-color-5)","background-image":"","background-repeat":"repeat","background-position":"center center","background-size":"auto","background-attachment":"scroll","background-type":"","background-media":"","overlay-type":"","overlay-color":"","overlay-opacity":"","overlay-gradient":""}},"_joinchat":[]},"product_brand":[],"product_cat":[175,171],"product_tag":[],"class_list":{"0":"post-5619","1":"product","2":"type-product","3":"status-publish","4":"has-post-thumbnail","6":"product_cat-lamparas-bulbo","7":"product_cat-lamparas-vintage","8":"pa_color-color-azul","9":"pa_marca-marca-macroled","10":"pa_zocalo-e27","11":"desktop-align-left","12":"tablet-align-left","13":"mobile-align-left","15":"first","16":"instock","17":"shipping-taxable","18":"purchasable","19":"product-type-simple"},"aioseo_notices":[],"_links":{"self":[{"href":"https:\/\/josegarciailuminacion.com.ar\/index.php\/wp-json\/wp\/v2\/product\/5619","targetHints":{"allow":["GET"]}}],"collection":[{"href":"https:\/\/josegarciailuminacion.com.ar\/index.php\/wp-json\/wp\/v2\/product"}],"about":[{"href":"https:\/\/josegarciailuminacion.com.ar\/index.php\/wp-json\/wp\/v2\/types\/product"}],"wp:featuredmedia":[{"embeddable":true,"href":"https:\/\/josegarciailuminacion.com.ar\/index.php\/wp-json\/wp\/v2\/media\/5641"}],"wp:attachment":[{"href":"https:\/\/josegarciailuminacion.com.ar\/index.php\/wp-json\/wp\/v2\/media?parent=5619"}],"wp:term":[{"taxonomy":"product_brand","embeddable":true,"href":"https:\/\/josegarciailuminacion.com.ar\/index.php\/wp-json\/wp\/v2\/product_brand?post=5619"},{"taxonomy":"product_cat","embeddable":true,"href":"https:\/\/josegarciailuminacion.com.ar\/index.php\/wp-json\/wp\/v2\/product_cat?post=5619"},{"taxonomy":"product_tag","embeddable":true,"href":"https:\/\/josegarciailuminacion.com.ar\/index.php\/wp-json\/wp\/v2\/product_tag?post=5619"}],"curies":[{"name":"wp","href":"https:\/\/api.w.org\/{rel}","templated":true}]}}