{"id":5611,"date":"2024-12-11T13:41:55","date_gmt":"2024-12-11T16:41:55","guid":{"rendered":"https:\/\/josegarciailuminacion.com.ar\/?post_type=product&#038;p=5611"},"modified":"2025-10-07T11:51:35","modified_gmt":"2025-10-07T14:51:35","slug":"lampara-de-filamentos-globo-g125-8w-e27-dimerizable-luz-calida-macroled","status":"publish","type":"product","link":"https:\/\/josegarciailuminacion.com.ar\/index.php\/producto\/lampara-de-filamentos-globo-g125-8w-e27-dimerizable-luz-calida-macroled\/","title":{"rendered":"Lampara De Filamentos Globo G125 &#8211; 8W &#8211; E27 &#8211; Dimerizable &#8211; Luz Calida &#8211; Macroled"},"content":{"rendered":"<p>Potencia: 8W<br \/>\nEficiencia Energ\u00e9tica Argentina: A++<br \/>\nEficiencia Energ\u00e9tica Per\u00fa: A<br \/>\nTensi\u00f3n: AC180-265V<br \/>\nModelo: DBFG125-8<br \/>\nReemplazo: Incandescente 75W<br \/>\nCorriente: 63mA<br \/>\nConector: E27<br \/>\nFactor de Potencia: 0.5<br \/>\nProtecci\u00f3n IP: IP20<br \/>\nProtecci\u00f3n IK: IK00<br \/>\nFunci\u00f3n Dimeable: Si<br \/>\n\u00c1ngulo de Apertura: 360\u00b0<br \/>\nMaterial del Cuerpo: Vidrio<br \/>\nMaterial del Lente: Vidrio<br \/>\nTipo de Chip: 4 Filamentos LED<br \/>\nTama\u00f1o de L\u00e1mpara: \u00f8125x180mm<br \/>\nPeso de L\u00e1mpara: 100g<br \/>\nTipo de Blanco: C\u00e1lido 2700K<br \/>\nFlujo Luminoso: 1080lm<br \/>\nL\u00famenes por Watt: 140 lm x W<br \/>\nFrecuencia: 50-60Hz<br \/>\nAnti-High-Volt: 1500V<br \/>\nEMC: Si<br \/>\nClase: 2<br \/>\nSDCM: 4<br \/>\nTemperatura de Trabajo: -20\u00b0 +40\u00b0<br \/>\nR9: Superior<br \/>\nCRI: 80Ra<br \/>\nIC Driver: Si<\/p>\n","protected":false},"excerpt":{"rendered":"<p>Potencia: 8W Eficiencia Energ\u00e9tica Argentina: A++ Eficiencia Energ\u00e9tica Per\u00fa: A Tensi\u00f3n: AC180-265V Modelo: DBFG125-8 Reemplazo: Incandescente 75W Corriente: 63mA Conector: [&hellip;]<\/p>\n","protected":false},"featured_media":5612,"template":"","meta":{"om_disable_all_campaigns":false,"_monsterinsights_skip_tracking":false,"_monsterinsights_sitenote_active":false,"_monsterinsights_sitenote_note":"","_monsterinsights_sitenote_category":0,"site-sidebar-layout":"default","site-content-layout":"","ast-site-content-layout":"default","site-content-style":"default","site-sidebar-style":"default","ast-global-header-display":"","ast-banner-title-visibility":"","ast-main-header-display":"","ast-hfb-above-header-display":"","ast-hfb-below-header-display":"","ast-hfb-mobile-header-display":"","site-post-title":"","ast-breadcrumbs-content":"","ast-featured-img":"","footer-sml-layout":"","ast-disable-related-posts":"","theme-transparent-header-meta":"default","adv-header-id-meta":"","stick-header-meta":"","header-above-stick-meta":"","header-main-stick-meta":"","header-below-stick-meta":"","astra-migrate-meta-layouts":"set","ast-page-background-enabled":"default","ast-page-background-meta":{"desktop":{"background-color":"var(--ast-global-color-4)","background-image":"","background-repeat":"repeat","background-position":"center center","background-size":"auto","background-attachment":"scroll","background-type":"","background-media":"","overlay-type":"","overlay-color":"","overlay-opacity":"","overlay-gradient":""},"tablet":{"background-color":"","background-image":"","background-repeat":"repeat","background-position":"center center","background-size":"auto","background-attachment":"scroll","background-type":"","background-media":"","overlay-type":"","overlay-color":"","overlay-opacity":"","overlay-gradient":""},"mobile":{"background-color":"","background-image":"","background-repeat":"repeat","background-position":"center center","background-size":"auto","background-attachment":"scroll","background-type":"","background-media":"","overlay-type":"","overlay-color":"","overlay-opacity":"","overlay-gradient":""}},"ast-content-background-meta":{"desktop":{"background-color":"var(--ast-global-color-5)","background-image":"","background-repeat":"repeat","background-position":"center center","background-size":"auto","background-attachment":"scroll","background-type":"","background-media":"","overlay-type":"","overlay-color":"","overlay-opacity":"","overlay-gradient":""},"tablet":{"background-color":"var(--ast-global-color-5)","background-image":"","background-repeat":"repeat","background-position":"center center","background-size":"auto","background-attachment":"scroll","background-type":"","background-media":"","overlay-type":"","overlay-color":"","overlay-opacity":"","overlay-gradient":""},"mobile":{"background-color":"var(--ast-global-color-5)","background-image":"","background-repeat":"repeat","background-position":"center center","background-size":"auto","background-attachment":"scroll","background-type":"","background-media":"","overlay-type":"","overlay-color":"","overlay-opacity":"","overlay-gradient":""}},"_joinchat":[]},"product_brand":[],"product_cat":[173,171],"product_tag":[],"class_list":{"0":"post-5611","1":"product","2":"type-product","3":"status-publish","4":"has-post-thumbnail","6":"product_cat-lamparas-globo","7":"product_cat-lamparas-vintage","8":"pa_color-color-transparente","9":"pa_luz-tipo-calida","10":"pa_marca-marca-macroled","11":"pa_zocalo-e27","12":"desktop-align-left","13":"tablet-align-left","14":"mobile-align-left","16":"first","17":"instock","18":"shipping-taxable","19":"purchasable","20":"product-type-simple"},"aioseo_notices":[],"_links":{"self":[{"href":"https:\/\/josegarciailuminacion.com.ar\/index.php\/wp-json\/wp\/v2\/product\/5611","targetHints":{"allow":["GET"]}}],"collection":[{"href":"https:\/\/josegarciailuminacion.com.ar\/index.php\/wp-json\/wp\/v2\/product"}],"about":[{"href":"https:\/\/josegarciailuminacion.com.ar\/index.php\/wp-json\/wp\/v2\/types\/product"}],"wp:featuredmedia":[{"embeddable":true,"href":"https:\/\/josegarciailuminacion.com.ar\/index.php\/wp-json\/wp\/v2\/media\/5612"}],"wp:attachment":[{"href":"https:\/\/josegarciailuminacion.com.ar\/index.php\/wp-json\/wp\/v2\/media?parent=5611"}],"wp:term":[{"taxonomy":"product_brand","embeddable":true,"href":"https:\/\/josegarciailuminacion.com.ar\/index.php\/wp-json\/wp\/v2\/product_brand?post=5611"},{"taxonomy":"product_cat","embeddable":true,"href":"https:\/\/josegarciailuminacion.com.ar\/index.php\/wp-json\/wp\/v2\/product_cat?post=5611"},{"taxonomy":"product_tag","embeddable":true,"href":"https:\/\/josegarciailuminacion.com.ar\/index.php\/wp-json\/wp\/v2\/product_tag?post=5611"}],"curies":[{"name":"wp","href":"https:\/\/api.w.org\/{rel}","templated":true}]}}