{"id":5432,"date":"2024-12-05T13:12:12","date_gmt":"2024-12-05T16:12:12","guid":{"rendered":"https:\/\/josegarciailuminacion.com.ar\/?post_type=product&#038;p=5432"},"modified":"2025-10-07T11:52:46","modified_gmt":"2025-10-07T14:52:46","slug":"modulo-movil-p-cabezal-22cm-12w-color-blanco-macroled","status":"publish","type":"product","link":"https:\/\/josegarciailuminacion.com.ar\/index.php\/producto\/modulo-movil-p-cabezal-22cm-12w-color-blanco-macroled\/","title":{"rendered":"Modulo Movil P\/Cabezal 22Cm &#8211; 12w &#8211; Color Negro &#8211; Macroled"},"content":{"rendered":"<p>Modulo Movil para Cabezales de 12w Riel Skyline Dise\u00f1o Deco Arq<\/p>\n<p>\u00bbDimerizable: Dimeable smd con fuente<br \/>\n\u00bbMaterial cuerpo: PC<br \/>\n\u00bbBase Encastrable: Aluminio + PC<br \/>\n\u00bbAcabado: Satinado<br \/>\n\u00bbRotaci\u00f3n: 90\u00b0 Eje Y<br \/>\n\u00bbFijaci\u00f3n: Magn\u00e9tica y F\u00edsica en el Riel 48v<br \/>\n\u00bbProtecci\u00f3n IP20<br \/>\n\u00bbModulos de iluminacion: No incluido.<br \/>\n\u00bbCompatible con modulos: Difuso 12w (SKU: rms-cd222-b-12w-ww), Difuso Smart 12w (SKU: rms-s-cd222-b-12w) Panal 12w (SKU:rms-cp222-b-12w-ww), Panal smart 12w (SKU:rms-s-cp222-b-12w), Focal 12w (SKU: rms-cf222-b-12w-ww), Focal smart (SKU: rms-s-cf222-b-12w)<br \/>\n\u00bbPeso 150g<br \/>\n\u00bbLargo: 22cm<br \/>\n\u00bbMedidas: 222.3mm x 25mm x48mm<\/p>\n","protected":false},"excerpt":{"rendered":"<p>Modulo Movil para Cabezales de 12w Riel Skyline Dise\u00f1o Deco Arq \u00bbDimerizable: Dimeable smd con fuente \u00bbMaterial cuerpo: PC \u00bbBase [&hellip;]<\/p>\n","protected":false},"featured_media":5428,"template":"","meta":{"om_disable_all_campaigns":false,"_monsterinsights_skip_tracking":false,"_monsterinsights_sitenote_active":false,"_monsterinsights_sitenote_note":"","_monsterinsights_sitenote_category":0,"site-sidebar-layout":"default","site-content-layout":"","ast-site-content-layout":"default","site-content-style":"default","site-sidebar-style":"default","ast-global-header-display":"","ast-banner-title-visibility":"","ast-main-header-display":"","ast-hfb-above-header-display":"","ast-hfb-below-header-display":"","ast-hfb-mobile-header-display":"","site-post-title":"","ast-breadcrumbs-content":"","ast-featured-img":"","footer-sml-layout":"","ast-disable-related-posts":"","theme-transparent-header-meta":"default","adv-header-id-meta":"","stick-header-meta":"","header-above-stick-meta":"","header-main-stick-meta":"","header-below-stick-meta":"","astra-migrate-meta-layouts":"set","ast-page-background-enabled":"default","ast-page-background-meta":{"desktop":{"background-color":"var(--ast-global-color-4)","background-image":"","background-repeat":"repeat","background-position":"center center","background-size":"auto","background-attachment":"scroll","background-type":"","background-media":"","overlay-type":"","overlay-color":"","overlay-opacity":"","overlay-gradient":""},"tablet":{"background-color":"","background-image":"","background-repeat":"repeat","background-position":"center center","background-size":"auto","background-attachment":"scroll","background-type":"","background-media":"","overlay-type":"","overlay-color":"","overlay-opacity":"","overlay-gradient":""},"mobile":{"background-color":"","background-image":"","background-repeat":"repeat","background-position":"center center","background-size":"auto","background-attachment":"scroll","background-type":"","background-media":"","overlay-type":"","overlay-color":"","overlay-opacity":"","overlay-gradient":""}},"ast-content-background-meta":{"desktop":{"background-color":"var(--ast-global-color-5)","background-image":"","background-repeat":"repeat","background-position":"center center","background-size":"auto","background-attachment":"scroll","background-type":"","background-media":"","overlay-type":"","overlay-color":"","overlay-opacity":"","overlay-gradient":""},"tablet":{"background-color":"var(--ast-global-color-5)","background-image":"","background-repeat":"repeat","background-position":"center center","background-size":"auto","background-attachment":"scroll","background-type":"","background-media":"","overlay-type":"","overlay-color":"","overlay-opacity":"","overlay-gradient":""},"mobile":{"background-color":"var(--ast-global-color-5)","background-image":"","background-repeat":"repeat","background-position":"center center","background-size":"auto","background-attachment":"scroll","background-type":"","background-media":"","overlay-type":"","overlay-color":"","overlay-opacity":"","overlay-gradient":""}},"_joinchat":[]},"product_brand":[],"product_cat":[194],"product_tag":[],"class_list":{"0":"post-5432","1":"product","2":"type-product","3":"status-publish","4":"has-post-thumbnail","6":"product_cat-accesorios-para-riel-magnetico","7":"pa_color-color-negro","8":"pa_marca-marca-macroled","9":"desktop-align-left","10":"tablet-align-left","11":"mobile-align-left","13":"first","14":"instock","15":"shipping-taxable","16":"purchasable","17":"product-type-simple"},"aioseo_notices":[],"_links":{"self":[{"href":"https:\/\/josegarciailuminacion.com.ar\/index.php\/wp-json\/wp\/v2\/product\/5432","targetHints":{"allow":["GET"]}}],"collection":[{"href":"https:\/\/josegarciailuminacion.com.ar\/index.php\/wp-json\/wp\/v2\/product"}],"about":[{"href":"https:\/\/josegarciailuminacion.com.ar\/index.php\/wp-json\/wp\/v2\/types\/product"}],"wp:featuredmedia":[{"embeddable":true,"href":"https:\/\/josegarciailuminacion.com.ar\/index.php\/wp-json\/wp\/v2\/media\/5428"}],"wp:attachment":[{"href":"https:\/\/josegarciailuminacion.com.ar\/index.php\/wp-json\/wp\/v2\/media?parent=5432"}],"wp:term":[{"taxonomy":"product_brand","embeddable":true,"href":"https:\/\/josegarciailuminacion.com.ar\/index.php\/wp-json\/wp\/v2\/product_brand?post=5432"},{"taxonomy":"product_cat","embeddable":true,"href":"https:\/\/josegarciailuminacion.com.ar\/index.php\/wp-json\/wp\/v2\/product_cat?post=5432"},{"taxonomy":"product_tag","embeddable":true,"href":"https:\/\/josegarciailuminacion.com.ar\/index.php\/wp-json\/wp\/v2\/product_tag?post=5432"}],"curies":[{"name":"wp","href":"https:\/\/api.w.org\/{rel}","templated":true}]}}