{"id":5360,"date":"2024-12-05T10:45:17","date_gmt":"2024-12-05T13:45:17","guid":{"rendered":"https:\/\/josegarciailuminacion.com.ar\/?post_type=product&#038;p=5360"},"modified":"2026-04-13T13:36:53","modified_gmt":"2026-04-13T16:36:53","slug":"riel-de-aluminio-magnetico-p-suspender-y-aplicar-3metros-macroled","status":"publish","type":"product","link":"https:\/\/josegarciailuminacion.com.ar\/index.php\/producto\/riel-de-aluminio-magnetico-p-suspender-y-aplicar-3metros-macroled\/","title":{"rendered":"Riel De Aluminio Magn\u00e9tico P\/Suspender y Aplicar &#8211; 3Metros &#8211; Macroled"},"content":{"rendered":"<p>La nueva L\u00ednea de rieles m\u00e1gneticos fusiona elegancia y versatilidad. Transforma todos tus ambientes a tu gusto, coloc\u00e1, retir\u00e1 intercambia cualquier luminaria sin necesidad de un profesional.<br \/>\nLa linea completa Skyline trabaja con 48V, lo que hace segura la manipulaci\u00f3n e instalaci\u00f3n adem\u00e1s de que podr\u00e1s hacer l\u00edneas de hasta 25 metros de rieles sin caiada de tension.<\/p>\n<p>\u00bb Color: Negro<br \/>\n\u00bb Modulos\/Cabezales No incluidas<br \/>\n\u00bb Conexi\u00f3n: 48v<br \/>\n\u00bb Material: Aluminio Anodizado<br \/>\n\u00bb Medidas: 3000mm x 30mm x 80mm<br \/>\n\u00bb Ambientes: Interior<br \/>\n\u00bbCompatibilidad: Seg\u00fan los accesorios este riel se puede aplicar sobre superficies planas pared\/techo, o suspender con el kit colgante (MACRO-SUSPENSOR-S-S)<br \/>\nAccesorios: Tornillos, tarugos, cubre tornillos<\/p>\n<p><strong>Especificaciones<\/strong><br \/>\n&#8211; Lugares de montaje: Techo<br \/>\n&#8211; Materiales: Aluminio anodizado<br \/>\n&#8211; Ambientes: Interior<\/p>\n<p><strong>Otros<\/strong><br \/>\n&#8211; Tipo de alimentaci\u00f3n: 48v<br \/>\n&#8211; Formato de la l\u00e1mpara: Riel<br \/>\n&#8211; Asistentes virtuales compatibles: No<br \/>\n&#8211; Aplicaciones inteligentes compatibles: No<br \/>\n&#8211; Incluye control remoto: No<br \/>\n&#8211; Es inal\u00e1mbrico: No<br \/>\n&#8211; Es autoadhesiva: No<br \/>\n&#8211; Con bot\u00f3n pulsador: No<br \/>\n&#8211; Con Wi-Fi: No<\/p>\n<p><strong>Caracter\u00edsticas generales<\/strong><br \/>\n&#8211; Marca: Macroled<br \/>\n&#8211; Modelo: RMS-S-3M<br \/>\n&#8211; Voltaje: 48V<\/p>\n<p>Las im\u00e1genes no son a escala real<\/p>\n","protected":false},"excerpt":{"rendered":"<p>La nueva L\u00ednea de rieles m\u00e1gneticos fusiona elegancia y versatilidad. Transforma todos tus ambientes a tu gusto, coloc\u00e1, retir\u00e1 intercambia [&hellip;]<\/p>\n","protected":false},"featured_media":5357,"template":"","meta":{"om_disable_all_campaigns":false,"_monsterinsights_skip_tracking":false,"_monsterinsights_sitenote_active":false,"_monsterinsights_sitenote_note":"","_monsterinsights_sitenote_category":0,"site-sidebar-layout":"default","site-content-layout":"","ast-site-content-layout":"default","site-content-style":"default","site-sidebar-style":"default","ast-global-header-display":"","ast-banner-title-visibility":"","ast-main-header-display":"","ast-hfb-above-header-display":"","ast-hfb-below-header-display":"","ast-hfb-mobile-header-display":"","site-post-title":"","ast-breadcrumbs-content":"","ast-featured-img":"","footer-sml-layout":"","ast-disable-related-posts":"","theme-transparent-header-meta":"default","adv-header-id-meta":"","stick-header-meta":"","header-above-stick-meta":"","header-main-stick-meta":"","header-below-stick-meta":"","astra-migrate-meta-layouts":"set","ast-page-background-enabled":"default","ast-page-background-meta":{"desktop":{"background-color":"var(--ast-global-color-4)","background-image":"","background-repeat":"repeat","background-position":"center center","background-size":"auto","background-attachment":"scroll","background-type":"","background-media":"","overlay-type":"","overlay-color":"","overlay-opacity":"","overlay-gradient":""},"tablet":{"background-color":"","background-image":"","background-repeat":"repeat","background-position":"center center","background-size":"auto","background-attachment":"scroll","background-type":"","background-media":"","overlay-type":"","overlay-color":"","overlay-opacity":"","overlay-gradient":""},"mobile":{"background-color":"","background-image":"","background-repeat":"repeat","background-position":"center center","background-size":"auto","background-attachment":"scroll","background-type":"","background-media":"","overlay-type":"","overlay-color":"","overlay-opacity":"","overlay-gradient":""}},"ast-content-background-meta":{"desktop":{"background-color":"var(--ast-global-color-5)","background-image":"","background-repeat":"repeat","background-position":"center center","background-size":"auto","background-attachment":"scroll","background-type":"","background-media":"","overlay-type":"","overlay-color":"","overlay-opacity":"","overlay-gradient":""},"tablet":{"background-color":"var(--ast-global-color-5)","background-image":"","background-repeat":"repeat","background-position":"center center","background-size":"auto","background-attachment":"scroll","background-type":"","background-media":"","overlay-type":"","overlay-color":"","overlay-opacity":"","overlay-gradient":""},"mobile":{"background-color":"var(--ast-global-color-5)","background-image":"","background-repeat":"repeat","background-position":"center center","background-size":"auto","background-attachment":"scroll","background-type":"","background-media":"","overlay-type":"","overlay-color":"","overlay-opacity":"","overlay-gradient":""}},"_joinchat":[]},"product_brand":[],"product_cat":[189],"product_tag":[],"class_list":{"0":"post-5360","1":"product","2":"type-product","3":"status-publish","4":"has-post-thumbnail","6":"product_cat-rieles-magneticos","7":"pa_color-color-negro","8":"pa_marca-marca-macroled","9":"desktop-align-left","10":"tablet-align-left","11":"mobile-align-left","13":"first","14":"instock","15":"shipping-taxable","16":"purchasable","17":"product-type-simple"},"aioseo_notices":[],"_links":{"self":[{"href":"https:\/\/josegarciailuminacion.com.ar\/index.php\/wp-json\/wp\/v2\/product\/5360","targetHints":{"allow":["GET"]}}],"collection":[{"href":"https:\/\/josegarciailuminacion.com.ar\/index.php\/wp-json\/wp\/v2\/product"}],"about":[{"href":"https:\/\/josegarciailuminacion.com.ar\/index.php\/wp-json\/wp\/v2\/types\/product"}],"wp:featuredmedia":[{"embeddable":true,"href":"https:\/\/josegarciailuminacion.com.ar\/index.php\/wp-json\/wp\/v2\/media\/5357"}],"wp:attachment":[{"href":"https:\/\/josegarciailuminacion.com.ar\/index.php\/wp-json\/wp\/v2\/media?parent=5360"}],"wp:term":[{"taxonomy":"product_brand","embeddable":true,"href":"https:\/\/josegarciailuminacion.com.ar\/index.php\/wp-json\/wp\/v2\/product_brand?post=5360"},{"taxonomy":"product_cat","embeddable":true,"href":"https:\/\/josegarciailuminacion.com.ar\/index.php\/wp-json\/wp\/v2\/product_cat?post=5360"},{"taxonomy":"product_tag","embeddable":true,"href":"https:\/\/josegarciailuminacion.com.ar\/index.php\/wp-json\/wp\/v2\/product_tag?post=5360"}],"curies":[{"name":"wp","href":"https:\/\/api.w.org\/{rel}","templated":true}]}}