{"id":5346,"date":"2024-12-05T10:15:06","date_gmt":"2024-12-05T13:15:06","guid":{"rendered":"https:\/\/josegarciailuminacion.com.ar\/?post_type=product&#038;p=5346"},"modified":"2026-04-13T13:42:59","modified_gmt":"2026-04-13T16:42:59","slug":"riel-magnetico-de-embutir-skyline-color-blanco-1m-endcap-macroled","status":"publish","type":"product","link":"https:\/\/josegarciailuminacion.com.ar\/index.php\/producto\/riel-magnetico-de-embutir-skyline-color-blanco-1m-endcap-macroled\/","title":{"rendered":"Riel Magnetico Skyline Color Blanco &#8211; 1Metro &#8211; Endcap &#8211; Macroled"},"content":{"rendered":"<p>La combinaci\u00f3n perfecta entre iluminaci\u00f3n y dise\u00f1o. Este Riel le dar\u00e1 vida a tus espacios para que puedas aprovecharlos al m\u00e1ximo. Adem\u00e1s, podr\u00e1s personalizar tus lugares preferidos y darles un detalle distintivo.<\/p>\n<p>Ilumin\u00e1 tus espacios<br \/>\nEste modelo es apto para focos con tecnolog\u00eda led, que adem\u00e1s de contribuir al cuidado del ambiente, duran m\u00e1s tiempo y te permiten ahorrar hasta un 90\u00a0% m\u00e1s que las fuentes de luz convencionales.<\/p>\n<p>Personaliz\u00e1 con estilo<br \/>\nGracias a su especial dise\u00f1o, podr\u00e1s instalar este Riel en ambientes internos y decorar cada espacio de tu hogar u oficina seg\u00fan tus necesidades y gustos.<\/p>\n<p>&nbsp;<\/p>\n<ul>\n<li>Voltaje: 220V<\/li>\n<li>L\u00e1mpara de techo con potencia de 200W.<\/li>\n<li>Tipo de material: aluminio anodizado.<\/li>\n<li>Dise\u00f1ada para l\u00e1mparas led.<\/li>\n<li>Apta para ser colocada en ambientes interiores.<\/li>\n<li>Marca: Macroled<\/li>\n<li>Color: Blanco<\/li>\n<li>Tipos de fuentes de luz: LED<\/li>\n<li>Tipo de alimentaci\u00f3n: Corriente el\u00e9ctrica<\/li>\n<li>Formato de la l\u00e1mpara: Riel<\/li>\n<li>Incluye control remoto: No<\/li>\n<li>Es inal\u00e1mbrico: No<\/li>\n<li>Es autoadhesiva: No<\/li>\n<li>Con bot\u00f3n pulsador: No<\/li>\n<li>Con Wi-Fi: No<\/li>\n<li>Tama\u00f1o: 1 Metro<\/li>\n<\/ul>\n<p>El Producto No Incluye Lamparas ni artefactos.<\/p>\n<p>Las imagenes no son a escala real<\/p>\n","protected":false},"excerpt":{"rendered":"<p>La combinaci\u00f3n perfecta entre iluminaci\u00f3n y dise\u00f1o. Este Riel le dar\u00e1 vida a tus espacios para que puedas aprovecharlos al [&hellip;]<\/p>\n","protected":false},"featured_media":5347,"template":"","meta":{"om_disable_all_campaigns":false,"_monsterinsights_skip_tracking":false,"_monsterinsights_sitenote_active":false,"_monsterinsights_sitenote_note":"","_monsterinsights_sitenote_category":0,"site-sidebar-layout":"default","site-content-layout":"","ast-site-content-layout":"default","site-content-style":"default","site-sidebar-style":"default","ast-global-header-display":"","ast-banner-title-visibility":"","ast-main-header-display":"","ast-hfb-above-header-display":"","ast-hfb-below-header-display":"","ast-hfb-mobile-header-display":"","site-post-title":"","ast-breadcrumbs-content":"","ast-featured-img":"","footer-sml-layout":"","ast-disable-related-posts":"","theme-transparent-header-meta":"default","adv-header-id-meta":"","stick-header-meta":"","header-above-stick-meta":"","header-main-stick-meta":"","header-below-stick-meta":"","astra-migrate-meta-layouts":"set","ast-page-background-enabled":"default","ast-page-background-meta":{"desktop":{"background-color":"var(--ast-global-color-4)","background-image":"","background-repeat":"repeat","background-position":"center center","background-size":"auto","background-attachment":"scroll","background-type":"","background-media":"","overlay-type":"","overlay-color":"","overlay-opacity":"","overlay-gradient":""},"tablet":{"background-color":"","background-image":"","background-repeat":"repeat","background-position":"center center","background-size":"auto","background-attachment":"scroll","background-type":"","background-media":"","overlay-type":"","overlay-color":"","overlay-opacity":"","overlay-gradient":""},"mobile":{"background-color":"","background-image":"","background-repeat":"repeat","background-position":"center center","background-size":"auto","background-attachment":"scroll","background-type":"","background-media":"","overlay-type":"","overlay-color":"","overlay-opacity":"","overlay-gradient":""}},"ast-content-background-meta":{"desktop":{"background-color":"var(--ast-global-color-5)","background-image":"","background-repeat":"repeat","background-position":"center center","background-size":"auto","background-attachment":"scroll","background-type":"","background-media":"","overlay-type":"","overlay-color":"","overlay-opacity":"","overlay-gradient":""},"tablet":{"background-color":"var(--ast-global-color-5)","background-image":"","background-repeat":"repeat","background-position":"center center","background-size":"auto","background-attachment":"scroll","background-type":"","background-media":"","overlay-type":"","overlay-color":"","overlay-opacity":"","overlay-gradient":""},"mobile":{"background-color":"var(--ast-global-color-5)","background-image":"","background-repeat":"repeat","background-position":"center center","background-size":"auto","background-attachment":"scroll","background-type":"","background-media":"","overlay-type":"","overlay-color":"","overlay-opacity":"","overlay-gradient":""}},"_joinchat":[]},"product_brand":[],"product_cat":[189],"product_tag":[],"class_list":{"0":"post-5346","1":"product","2":"type-product","3":"status-publish","4":"has-post-thumbnail","6":"product_cat-rieles-magneticos","7":"pa_color-color-blanco","8":"pa_marca-marca-macroled","9":"desktop-align-left","10":"tablet-align-left","11":"mobile-align-left","13":"first","14":"instock","15":"shipping-taxable","16":"purchasable","17":"product-type-simple"},"aioseo_notices":[],"_links":{"self":[{"href":"https:\/\/josegarciailuminacion.com.ar\/index.php\/wp-json\/wp\/v2\/product\/5346","targetHints":{"allow":["GET"]}}],"collection":[{"href":"https:\/\/josegarciailuminacion.com.ar\/index.php\/wp-json\/wp\/v2\/product"}],"about":[{"href":"https:\/\/josegarciailuminacion.com.ar\/index.php\/wp-json\/wp\/v2\/types\/product"}],"wp:featuredmedia":[{"embeddable":true,"href":"https:\/\/josegarciailuminacion.com.ar\/index.php\/wp-json\/wp\/v2\/media\/5347"}],"wp:attachment":[{"href":"https:\/\/josegarciailuminacion.com.ar\/index.php\/wp-json\/wp\/v2\/media?parent=5346"}],"wp:term":[{"taxonomy":"product_brand","embeddable":true,"href":"https:\/\/josegarciailuminacion.com.ar\/index.php\/wp-json\/wp\/v2\/product_brand?post=5346"},{"taxonomy":"product_cat","embeddable":true,"href":"https:\/\/josegarciailuminacion.com.ar\/index.php\/wp-json\/wp\/v2\/product_cat?post=5346"},{"taxonomy":"product_tag","embeddable":true,"href":"https:\/\/josegarciailuminacion.com.ar\/index.php\/wp-json\/wp\/v2\/product_tag?post=5346"}],"curies":[{"name":"wp","href":"https:\/\/api.w.org\/{rel}","templated":true}]}}