{"id":4798,"date":"2024-11-26T12:15:28","date_gmt":"2024-11-26T15:15:28","guid":{"rendered":"https:\/\/josegarciailuminacion.com.ar\/?post_type=product&#038;p=4798"},"modified":"2025-10-07T10:49:48","modified_gmt":"2025-10-07T13:49:48","slug":"4798","status":"publish","type":"product","link":"https:\/\/josegarciailuminacion.com.ar\/index.php\/producto\/4798\/","title":{"rendered":"L\u00e1mpara Led Ar111 8.5w Osram\/Ledvance &#8211; Gu10 &#8211; Luz Calida"},"content":{"rendered":"<ul>\n<li>FLUJO LUMINOSO: 715 lm \/ 2.500 cd<\/li>\n<li>\u00cdNDICE DE REPRODUCCI\u00d3N COLOR: &gt; 80<\/li>\n<li>\u00c1NGULO APERTURA: 24\u00b0<\/li>\n<li>VIDA \u00daTIL: 25.000 H<\/li>\n<li>POTENCIA: 8,5 W<\/li>\n<li>TENSI\u00d3N<span style=\"font-size: 16px;\">: 100-240 V (BIVOLT)<\/span><\/li>\n<li>FRECUENCIA: 50\/60 Hz<\/li>\n<li>CORRIENTE EL\u00c9CTRICA: 66 mA (127 V) \/ 42 mA (220 V)<\/li>\n<li>TEMP. TASA DE FUNCIONAMIENTO: -20\u00b0C a 40\u00b0C<\/li>\n<li>DIMENSIONES DE LA L\u00c1MPARA: 111 mm (D) x 65 mm (H)<\/li>\n<li>\u00cdNDICE DE PROTECCI\u00d3N: IP 20<\/li>\n<li>TEMPERATURA DE COLOR: BLANCO C\u00c1LIDO 3.000K<\/li>\n<li>Marca: OSRAM\/LEDVANCE<\/li>\n<\/ul>\n","protected":false},"excerpt":{"rendered":"<p>FLUJO LUMINOSO: 715 lm \/ 2.500 cd \u00cdNDICE DE REPRODUCCI\u00d3N COLOR: &gt; 80 \u00c1NGULO APERTURA: 24\u00b0 VIDA \u00daTIL: 25.000 H [&hellip;]<\/p>\n","protected":false},"featured_media":4799,"template":"","meta":{"om_disable_all_campaigns":false,"_monsterinsights_skip_tracking":false,"_monsterinsights_sitenote_active":false,"_monsterinsights_sitenote_note":"","_monsterinsights_sitenote_category":0,"site-sidebar-layout":"default","site-content-layout":"","ast-site-content-layout":"default","site-content-style":"default","site-sidebar-style":"default","ast-global-header-display":"","ast-banner-title-visibility":"","ast-main-header-display":"","ast-hfb-above-header-display":"","ast-hfb-below-header-display":"","ast-hfb-mobile-header-display":"","site-post-title":"","ast-breadcrumbs-content":"","ast-featured-img":"","footer-sml-layout":"","ast-disable-related-posts":"","theme-transparent-header-meta":"default","adv-header-id-meta":"","stick-header-meta":"","header-above-stick-meta":"","header-main-stick-meta":"","header-below-stick-meta":"","astra-migrate-meta-layouts":"set","ast-page-background-enabled":"default","ast-page-background-meta":{"desktop":{"background-color":"var(--ast-global-color-4)","background-image":"","background-repeat":"repeat","background-position":"center center","background-size":"auto","background-attachment":"scroll","background-type":"","background-media":"","overlay-type":"","overlay-color":"","overlay-opacity":"","overlay-gradient":""},"tablet":{"background-color":"","background-image":"","background-repeat":"repeat","background-position":"center center","background-size":"auto","background-attachment":"scroll","background-type":"","background-media":"","overlay-type":"","overlay-color":"","overlay-opacity":"","overlay-gradient":""},"mobile":{"background-color":"","background-image":"","background-repeat":"repeat","background-position":"center center","background-size":"auto","background-attachment":"scroll","background-type":"","background-media":"","overlay-type":"","overlay-color":"","overlay-opacity":"","overlay-gradient":""}},"ast-content-background-meta":{"desktop":{"background-color":"var(--ast-global-color-5)","background-image":"","background-repeat":"repeat","background-position":"center center","background-size":"auto","background-attachment":"scroll","background-type":"","background-media":"","overlay-type":"","overlay-color":"","overlay-opacity":"","overlay-gradient":""},"tablet":{"background-color":"var(--ast-global-color-5)","background-image":"","background-repeat":"repeat","background-position":"center center","background-size":"auto","background-attachment":"scroll","background-type":"","background-media":"","overlay-type":"","overlay-color":"","overlay-opacity":"","overlay-gradient":""},"mobile":{"background-color":"var(--ast-global-color-5)","background-image":"","background-repeat":"repeat","background-position":"center center","background-size":"auto","background-attachment":"scroll","background-type":"","background-media":"","overlay-type":"","overlay-color":"","overlay-opacity":"","overlay-gradient":""}},"_joinchat":[]},"product_brand":[],"product_cat":[185],"product_tag":[],"class_list":{"0":"post-4798","1":"product","2":"type-product","3":"status-publish","4":"has-post-thumbnail","6":"product_cat-dicroica-y-ar111","7":"pa_color-color-blanco","8":"pa_luz-tipo-calida","9":"pa_marca-marca-osram-ledvance","10":"pa_zocalo-gu10","11":"desktop-align-left","12":"tablet-align-left","13":"mobile-align-left","15":"first","16":"instock","17":"shipping-taxable","18":"purchasable","19":"product-type-simple"},"aioseo_notices":[],"_links":{"self":[{"href":"https:\/\/josegarciailuminacion.com.ar\/index.php\/wp-json\/wp\/v2\/product\/4798","targetHints":{"allow":["GET"]}}],"collection":[{"href":"https:\/\/josegarciailuminacion.com.ar\/index.php\/wp-json\/wp\/v2\/product"}],"about":[{"href":"https:\/\/josegarciailuminacion.com.ar\/index.php\/wp-json\/wp\/v2\/types\/product"}],"wp:featuredmedia":[{"embeddable":true,"href":"https:\/\/josegarciailuminacion.com.ar\/index.php\/wp-json\/wp\/v2\/media\/4799"}],"wp:attachment":[{"href":"https:\/\/josegarciailuminacion.com.ar\/index.php\/wp-json\/wp\/v2\/media?parent=4798"}],"wp:term":[{"taxonomy":"product_brand","embeddable":true,"href":"https:\/\/josegarciailuminacion.com.ar\/index.php\/wp-json\/wp\/v2\/product_brand?post=4798"},{"taxonomy":"product_cat","embeddable":true,"href":"https:\/\/josegarciailuminacion.com.ar\/index.php\/wp-json\/wp\/v2\/product_cat?post=4798"},{"taxonomy":"product_tag","embeddable":true,"href":"https:\/\/josegarciailuminacion.com.ar\/index.php\/wp-json\/wp\/v2\/product_tag?post=4798"}],"curies":[{"name":"wp","href":"https:\/\/api.w.org\/{rel}","templated":true}]}}