{"id":4528,"date":"2024-11-20T11:38:15","date_gmt":"2024-11-20T14:38:15","guid":{"rendered":"https:\/\/josegarciailuminacion.com.ar\/?post_type=product&#038;p=4528"},"modified":"2025-10-07T13:23:08","modified_gmt":"2025-10-07T16:23:08","slug":"ventilador-de-techo-acanto-c-palas-de-rattan-color-negro-mate-natural","status":"publish","type":"product","link":"https:\/\/josegarciailuminacion.com.ar\/index.php\/producto\/ventilador-de-techo-acanto-c-palas-de-rattan-color-negro-mate-natural\/","title":{"rendered":"Ventilador De Techo Acanto C\/Palas De Ratt\u00e1n Color Negro Mate + Natural &#8211; Windlux"},"content":{"rendered":"<p>\u00a1Perfecto para decorar y refrescar galer\u00edas, terrazas semicubiertas, porches, o quinchos!<\/p>\n<p>+ Silencioso<br \/>\n+ Potente<br \/>\n+ Alta calidad en materiales macizos y resistentes.<\/p>\n<p>Especificaciones:<br \/>\n|<br \/>\n\u2022 Motor: 340 rpm en vac\u00edo; posee 2 rulemanes SKF 6203ZZ blindados.<br \/>\nNuestro motor viene con un estator de 17 mm, por lo que tiene una potencia de giro alta. La mayor\u00eda de los motores del mercado tiene un estator de 8 mm (poco cobre, material que se usa para la bobina), lo que hace que tengan baja conducci\u00f3n; \u00a1el nuestro tiene 17 bobinas de cobre!<br \/>\nA su vez, sus palas constan de una superficie aerodin\u00e1mica, de modo que fluyen con facilidad y por lo tanto, se consume poca energ\u00eda (100 W como m\u00e1ximo, 30 veces menos que un split convencional), logrando un caudal de aire amplio, eficiente, y de bajo nivel sonoro.<\/p>\n<p>\u2022 Dimensiones:<br \/>\n&#8211; Alto : 30 cm.<br \/>\n&#8211; Ancho: 120 cm.<\/p>\n<p>|<br \/>\n\u2022 Material:<br \/>\n&#8211; Cuerpo central: tapa, capuch\u00f3n y flor\u00f3n inyectados en fundici\u00f3n de aluminio.<br \/>\n&#8211; Herrajes inyectados en fundici\u00f3n de aluminio.<br \/>\n&#8211; Palas entretejidas artesanalmente con hojas naturales de rattan.<br \/>\n|<br \/>\n\u2022 Medidas:<br \/>\n&#8211; Alto del barral predeterminado: 25 cm.<br \/>\n&#8211; Alto total con barral de 25: 30 cm.<br \/>\n&#8211; Di\u00e1metro de giro: 120 cm (de punta a punta de las palas).<\/p>\n<p>|<br \/>\n\u2022 Marca:<br \/>\n&#8211;\u00a0 Windlux.<\/p>\n<p>&nbsp;<\/p>\n<p>&nbsp;<\/p>\n","protected":false},"excerpt":{"rendered":"<p>\u00a1Perfecto para decorar y refrescar galer\u00edas, terrazas semicubiertas, porches, o quinchos! + Silencioso + Potente + Alta calidad en materiales [&hellip;]<\/p>\n","protected":false},"featured_media":4544,"template":"","meta":{"om_disable_all_campaigns":false,"_monsterinsights_skip_tracking":false,"_monsterinsights_sitenote_active":false,"_monsterinsights_sitenote_note":"","_monsterinsights_sitenote_category":0,"site-sidebar-layout":"default","site-content-layout":"","ast-site-content-layout":"default","site-content-style":"default","site-sidebar-style":"default","ast-global-header-display":"","ast-banner-title-visibility":"","ast-main-header-display":"","ast-hfb-above-header-display":"","ast-hfb-below-header-display":"","ast-hfb-mobile-header-display":"","site-post-title":"","ast-breadcrumbs-content":"","ast-featured-img":"","footer-sml-layout":"","ast-disable-related-posts":"","theme-transparent-header-meta":"default","adv-header-id-meta":"","stick-header-meta":"","header-above-stick-meta":"","header-main-stick-meta":"","header-below-stick-meta":"","astra-migrate-meta-layouts":"set","ast-page-background-enabled":"default","ast-page-background-meta":{"desktop":{"background-color":"var(--ast-global-color-4)","background-image":"","background-repeat":"repeat","background-position":"center center","background-size":"auto","background-attachment":"scroll","background-type":"","background-media":"","overlay-type":"","overlay-color":"","overlay-opacity":"","overlay-gradient":""},"tablet":{"background-color":"","background-image":"","background-repeat":"repeat","background-position":"center center","background-size":"auto","background-attachment":"scroll","background-type":"","background-media":"","overlay-type":"","overlay-color":"","overlay-opacity":"","overlay-gradient":""},"mobile":{"background-color":"","background-image":"","background-repeat":"repeat","background-position":"center center","background-size":"auto","background-attachment":"scroll","background-type":"","background-media":"","overlay-type":"","overlay-color":"","overlay-opacity":"","overlay-gradient":""}},"ast-content-background-meta":{"desktop":{"background-color":"var(--ast-global-color-5)","background-image":"","background-repeat":"repeat","background-position":"center center","background-size":"auto","background-attachment":"scroll","background-type":"","background-media":"","overlay-type":"","overlay-color":"","overlay-opacity":"","overlay-gradient":""},"tablet":{"background-color":"var(--ast-global-color-5)","background-image":"","background-repeat":"repeat","background-position":"center center","background-size":"auto","background-attachment":"scroll","background-type":"","background-media":"","overlay-type":"","overlay-color":"","overlay-opacity":"","overlay-gradient":""},"mobile":{"background-color":"var(--ast-global-color-5)","background-image":"","background-repeat":"repeat","background-position":"center center","background-size":"auto","background-attachment":"scroll","background-type":"","background-media":"","overlay-type":"","overlay-color":"","overlay-opacity":"","overlay-gradient":""}},"_joinchat":[]},"product_brand":[],"product_cat":[122],"product_tag":[],"class_list":{"0":"post-4528","1":"product","2":"type-product","3":"status-publish","4":"has-post-thumbnail","6":"product_cat-ventilador","7":"pa_color-madera","8":"pa_color-color-negro","9":"desktop-align-left","10":"tablet-align-left","11":"mobile-align-left","13":"first","14":"instock","15":"shipping-taxable","16":"purchasable","17":"product-type-simple"},"aioseo_notices":[],"_links":{"self":[{"href":"https:\/\/josegarciailuminacion.com.ar\/index.php\/wp-json\/wp\/v2\/product\/4528","targetHints":{"allow":["GET"]}}],"collection":[{"href":"https:\/\/josegarciailuminacion.com.ar\/index.php\/wp-json\/wp\/v2\/product"}],"about":[{"href":"https:\/\/josegarciailuminacion.com.ar\/index.php\/wp-json\/wp\/v2\/types\/product"}],"wp:featuredmedia":[{"embeddable":true,"href":"https:\/\/josegarciailuminacion.com.ar\/index.php\/wp-json\/wp\/v2\/media\/4544"}],"wp:attachment":[{"href":"https:\/\/josegarciailuminacion.com.ar\/index.php\/wp-json\/wp\/v2\/media?parent=4528"}],"wp:term":[{"taxonomy":"product_brand","embeddable":true,"href":"https:\/\/josegarciailuminacion.com.ar\/index.php\/wp-json\/wp\/v2\/product_brand?post=4528"},{"taxonomy":"product_cat","embeddable":true,"href":"https:\/\/josegarciailuminacion.com.ar\/index.php\/wp-json\/wp\/v2\/product_cat?post=4528"},{"taxonomy":"product_tag","embeddable":true,"href":"https:\/\/josegarciailuminacion.com.ar\/index.php\/wp-json\/wp\/v2\/product_tag?post=4528"}],"curies":[{"name":"wp","href":"https:\/\/api.w.org\/{rel}","templated":true}]}}