{"id":4373,"date":"2024-11-15T09:27:26","date_gmt":"2024-11-15T12:27:26","guid":{"rendered":"https:\/\/josegarciailuminacion.com.ar\/?post_type=product&#038;p=4373"},"modified":"2025-10-07T11:32:04","modified_gmt":"2025-10-07T14:32:04","slug":"luminaria-de-jardin-estaca-tipo-antorcha-autonoma-solar-efecto-llama-9cm","status":"publish","type":"product","link":"https:\/\/josegarciailuminacion.com.ar\/index.php\/producto\/luminaria-de-jardin-estaca-tipo-antorcha-autonoma-solar-efecto-llama-9cm\/","title":{"rendered":"Luminaria De Jard\u00edn Estaca Tipo Antorcha Aut\u00f3noma Solar Efecto Llama 9cm &#8211; TBCin"},"content":{"rendered":"<div class=\"col-lg-12 text-xs !px-0\">\n<div class=\"row g-1\">\n<div class=\"col-12 col-lg-5\"><span class=\"text-black font-semibold\">&#8211; Autonom\u00eda: <\/span>Hasta 12 horas<\/div>\n<\/div>\n<\/div>\n<div class=\"col-lg-12 text-xs !px-0\">\n<div class=\"row g-1\">\n<div class=\"col-12 col-lg-5\"><span class=\"text-black font-semibold\">&#8211; Bater\u00eda: <\/span>Li-Ion 3,7V 2200mAh<\/div>\n<\/div>\n<\/div>\n<div class=\"col-lg-12 text-xs !px-0\">\n<div class=\"row g-1\">\n<div class=\"col-12 col-lg-5\"><span class=\"text-black font-semibold\">&#8211; Dimensiones: <\/span>700m x \u00d8 90mm<\/div>\n<\/div>\n<\/div>\n<div class=\"col-lg-12 text-xs !px-0\">\n<div class=\"row g-1\">\n<div class=\"col-12 col-lg-5\"><span class=\"text-black font-semibold\">&#8211; Grado de Protecci\u00f3n: <\/span>IP65<\/div>\n<\/div>\n<\/div>\n<div class=\"col-lg-12 text-xs !px-0\">\n<div class=\"row g-1\">\n<div class=\"col-12 col-lg-5\"><span class=\"text-black font-semibold\">&#8211; Luz: <\/span>C\u00e1lida<\/div>\n<\/div>\n<\/div>\n<div class=\"col-lg-12 text-xs !px-0\">\n<div class=\"row g-1\">\n<div class=\"col-12 col-lg-5\"><span class=\"text-black font-semibold\">&#8211; Material: <\/span>ABS<\/div>\n<\/div>\n<\/div>\n<div class=\"col-lg-12 text-xs !px-0\">\n<div class=\"row g-1\">\n<div class=\"col-12 col-lg-5\"><span class=\"text-black font-semibold\">&#8211; Tiempo de carga: <\/span>8 hs. (d\u00eda soleado)<\/div>\n<\/div>\n<\/div>\n<div class=\"col-lg-12 text-xs !px-0\">\n<div class=\"row g-1\">\n<div class=\"col-12 col-lg-5\"><span class=\"text-black font-semibold\">&#8211; Uso: <\/span>exterior.<\/div>\n<div>&#8211; Color: Negro<\/div>\n<div>&#8211; Marca: TBCin<\/div>\n<\/div>\n<\/div>\n","protected":false},"excerpt":{"rendered":"<p>&#8211; Autonom\u00eda: Hasta 12 horas &#8211; Bater\u00eda: Li-Ion 3,7V 2200mAh &#8211; Dimensiones: 700m x \u00d8 90mm &#8211; Grado de Protecci\u00f3n: [&hellip;]<\/p>\n","protected":false},"featured_media":4447,"template":"","meta":{"om_disable_all_campaigns":false,"_monsterinsights_skip_tracking":false,"_monsterinsights_sitenote_active":false,"_monsterinsights_sitenote_note":"","_monsterinsights_sitenote_category":0,"site-sidebar-layout":"default","site-content-layout":"","ast-site-content-layout":"default","site-content-style":"default","site-sidebar-style":"default","ast-global-header-display":"","ast-banner-title-visibility":"","ast-main-header-display":"","ast-hfb-above-header-display":"","ast-hfb-below-header-display":"","ast-hfb-mobile-header-display":"","site-post-title":"","ast-breadcrumbs-content":"","ast-featured-img":"","footer-sml-layout":"","ast-disable-related-posts":"","theme-transparent-header-meta":"default","adv-header-id-meta":"","stick-header-meta":"","header-above-stick-meta":"","header-main-stick-meta":"","header-below-stick-meta":"","astra-migrate-meta-layouts":"set","ast-page-background-enabled":"default","ast-page-background-meta":{"desktop":{"background-color":"var(--ast-global-color-4)","background-image":"","background-repeat":"repeat","background-position":"center center","background-size":"auto","background-attachment":"scroll","background-type":"","background-media":"","overlay-type":"","overlay-color":"","overlay-opacity":"","overlay-gradient":""},"tablet":{"background-color":"","background-image":"","background-repeat":"repeat","background-position":"center center","background-size":"auto","background-attachment":"scroll","background-type":"","background-media":"","overlay-type":"","overlay-color":"","overlay-opacity":"","overlay-gradient":""},"mobile":{"background-color":"","background-image":"","background-repeat":"repeat","background-position":"center center","background-size":"auto","background-attachment":"scroll","background-type":"","background-media":"","overlay-type":"","overlay-color":"","overlay-opacity":"","overlay-gradient":""}},"ast-content-background-meta":{"desktop":{"background-color":"var(--ast-global-color-5)","background-image":"","background-repeat":"repeat","background-position":"center center","background-size":"auto","background-attachment":"scroll","background-type":"","background-media":"","overlay-type":"","overlay-color":"","overlay-opacity":"","overlay-gradient":""},"tablet":{"background-color":"var(--ast-global-color-5)","background-image":"","background-repeat":"repeat","background-position":"center center","background-size":"auto","background-attachment":"scroll","background-type":"","background-media":"","overlay-type":"","overlay-color":"","overlay-opacity":"","overlay-gradient":""},"mobile":{"background-color":"var(--ast-global-color-5)","background-image":"","background-repeat":"repeat","background-position":"center center","background-size":"auto","background-attachment":"scroll","background-type":"","background-media":"","overlay-type":"","overlay-color":"","overlay-opacity":"","overlay-gradient":""}},"_joinchat":[]},"product_brand":[],"product_cat":[61,60],"product_tag":[],"class_list":{"0":"post-4373","1":"product","2":"type-product","3":"status-publish","4":"has-post-thumbnail","6":"product_cat-piso-exterior","7":"product_cat-solares-exterior","8":"pa_cantidad-luces-145","9":"pa_color-color-negro","10":"pa_luz-tipo-calida","11":"pa_marca-tbcin","12":"desktop-align-left","13":"tablet-align-left","14":"mobile-align-left","16":"first","17":"instock","18":"shipping-taxable","19":"purchasable","20":"product-type-simple"},"aioseo_notices":[],"_links":{"self":[{"href":"https:\/\/josegarciailuminacion.com.ar\/index.php\/wp-json\/wp\/v2\/product\/4373","targetHints":{"allow":["GET"]}}],"collection":[{"href":"https:\/\/josegarciailuminacion.com.ar\/index.php\/wp-json\/wp\/v2\/product"}],"about":[{"href":"https:\/\/josegarciailuminacion.com.ar\/index.php\/wp-json\/wp\/v2\/types\/product"}],"wp:featuredmedia":[{"embeddable":true,"href":"https:\/\/josegarciailuminacion.com.ar\/index.php\/wp-json\/wp\/v2\/media\/4447"}],"wp:attachment":[{"href":"https:\/\/josegarciailuminacion.com.ar\/index.php\/wp-json\/wp\/v2\/media?parent=4373"}],"wp:term":[{"taxonomy":"product_brand","embeddable":true,"href":"https:\/\/josegarciailuminacion.com.ar\/index.php\/wp-json\/wp\/v2\/product_brand?post=4373"},{"taxonomy":"product_cat","embeddable":true,"href":"https:\/\/josegarciailuminacion.com.ar\/index.php\/wp-json\/wp\/v2\/product_cat?post=4373"},{"taxonomy":"product_tag","embeddable":true,"href":"https:\/\/josegarciailuminacion.com.ar\/index.php\/wp-json\/wp\/v2\/product_tag?post=4373"}],"curies":[{"name":"wp","href":"https:\/\/api.w.org\/{rel}","templated":true}]}}