{"id":4350,"date":"2024-11-15T08:51:59","date_gmt":"2024-11-15T11:51:59","guid":{"rendered":"https:\/\/josegarciailuminacion.com.ar\/?post_type=product&#038;p=4350"},"modified":"2025-10-07T11:32:59","modified_gmt":"2025-10-07T14:32:59","slug":"luminaria-de-jardin-tipo-estaca-orientable-para-dicroica-acero-inoxidable","status":"publish","type":"product","link":"https:\/\/josegarciailuminacion.com.ar\/index.php\/producto\/luminaria-de-jardin-tipo-estaca-orientable-para-dicroica-acero-inoxidable\/","title":{"rendered":"Luminaria De Jard\u00edn Tipo Estaca Orientable Para Dicroica Acero Inoxidable &#8211; TBCin"},"content":{"rendered":"<div class=\"col-lg-12 text-xs !px-0\">\n<div class=\"row g-1\">\n<div class=\"col-12 col-lg-5\"><span class=\"text-black font-semibold\">&#8211; Alimentaci\u00f3n: <\/span>220VCA &#8211; 50Hz<\/div>\n<\/div>\n<\/div>\n<div class=\"col-lg-12 text-xs !px-0\">\n<div class=\"row g-1\">\n<div class=\"col-12 col-lg-5\"><span class=\"text-black font-semibold\">&#8211; Color: <\/span>Acero Inoxidable<\/div>\n<\/div>\n<\/div>\n<div class=\"col-lg-12 text-xs !px-0\">\n<div class=\"row g-1\">\n<div class=\"col-12 col-lg-5\"><span class=\"text-black font-semibold\">&#8211; IP: <\/span>54<\/div>\n<\/div>\n<\/div>\n<div class=\"col-lg-12 text-xs !px-0\">\n<div class=\"row g-1\">\n<div class=\"col-12 col-lg-5\"><span class=\"text-black font-semibold\">&#8211; L\u00e1mpara: <\/span>Dicroica (No Inclu\u00edda)<\/div>\n<\/div>\n<\/div>\n<div class=\"col-lg-12 text-xs !px-0\">\n<div class=\"row g-1\">\n<div class=\"col-12 col-lg-5\"><span class=\"text-black font-semibold\">&#8211; Potencia: <\/span>50 W<\/div>\n<\/div>\n<\/div>\n<div class=\"col-lg-12 text-xs !px-0\">\n<div class=\"row g-1\">\n<div class=\"col-12 col-lg-5\"><span class=\"text-black font-semibold\">&#8211; Tensi\u00f3n de entrada: <\/span>220V-50Hz<\/div>\n<\/div>\n<\/div>\n<div class=\"col-lg-12 text-xs !px-0\">\n<div class=\"row g-1\">\n<div class=\"col-12 col-lg-5\"><span class=\"text-black font-semibold\">&#8211; Z\u00f3calo: <\/span>GU10<\/div>\n<div>&#8211; Marca: TBCin<\/div>\n<\/div>\n<\/div>\n","protected":false},"excerpt":{"rendered":"<p>&#8211; Alimentaci\u00f3n: 220VCA &#8211; 50Hz &#8211; Color: Acero Inoxidable &#8211; IP: 54 &#8211; L\u00e1mpara: Dicroica (No Inclu\u00edda) &#8211; Potencia: 50 [&hellip;]<\/p>\n","protected":false},"featured_media":4453,"template":"","meta":{"om_disable_all_campaigns":false,"_monsterinsights_skip_tracking":false,"_monsterinsights_sitenote_active":false,"_monsterinsights_sitenote_note":"","_monsterinsights_sitenote_category":0,"site-sidebar-layout":"default","site-content-layout":"","ast-site-content-layout":"default","site-content-style":"default","site-sidebar-style":"default","ast-global-header-display":"","ast-banner-title-visibility":"","ast-main-header-display":"","ast-hfb-above-header-display":"","ast-hfb-below-header-display":"","ast-hfb-mobile-header-display":"","site-post-title":"","ast-breadcrumbs-content":"","ast-featured-img":"","footer-sml-layout":"","ast-disable-related-posts":"","theme-transparent-header-meta":"default","adv-header-id-meta":"","stick-header-meta":"","header-above-stick-meta":"","header-main-stick-meta":"","header-below-stick-meta":"","astra-migrate-meta-layouts":"set","ast-page-background-enabled":"default","ast-page-background-meta":{"desktop":{"background-color":"var(--ast-global-color-4)","background-image":"","background-repeat":"repeat","background-position":"center center","background-size":"auto","background-attachment":"scroll","background-type":"","background-media":"","overlay-type":"","overlay-color":"","overlay-opacity":"","overlay-gradient":""},"tablet":{"background-color":"","background-image":"","background-repeat":"repeat","background-position":"center center","background-size":"auto","background-attachment":"scroll","background-type":"","background-media":"","overlay-type":"","overlay-color":"","overlay-opacity":"","overlay-gradient":""},"mobile":{"background-color":"","background-image":"","background-repeat":"repeat","background-position":"center center","background-size":"auto","background-attachment":"scroll","background-type":"","background-media":"","overlay-type":"","overlay-color":"","overlay-opacity":"","overlay-gradient":""}},"ast-content-background-meta":{"desktop":{"background-color":"var(--ast-global-color-5)","background-image":"","background-repeat":"repeat","background-position":"center center","background-size":"auto","background-attachment":"scroll","background-type":"","background-media":"","overlay-type":"","overlay-color":"","overlay-opacity":"","overlay-gradient":""},"tablet":{"background-color":"var(--ast-global-color-5)","background-image":"","background-repeat":"repeat","background-position":"center center","background-size":"auto","background-attachment":"scroll","background-type":"","background-media":"","overlay-type":"","overlay-color":"","overlay-opacity":"","overlay-gradient":""},"mobile":{"background-color":"var(--ast-global-color-5)","background-image":"","background-repeat":"repeat","background-position":"center center","background-size":"auto","background-attachment":"scroll","background-type":"","background-media":"","overlay-type":"","overlay-color":"","overlay-opacity":"","overlay-gradient":""}},"_joinchat":[]},"product_brand":[],"product_cat":[61],"product_tag":[],"class_list":{"0":"post-4350","1":"product","2":"type-product","3":"status-publish","4":"has-post-thumbnail","6":"product_cat-piso-exterior","7":"pa_cantidad-luces-145","8":"pa_color-cromo","9":"pa_marca-tbcin","10":"pa_zocalo-gu10","11":"desktop-align-left","12":"tablet-align-left","13":"mobile-align-left","15":"first","16":"instock","17":"shipping-taxable","18":"purchasable","19":"product-type-simple"},"aioseo_notices":[],"_links":{"self":[{"href":"https:\/\/josegarciailuminacion.com.ar\/index.php\/wp-json\/wp\/v2\/product\/4350","targetHints":{"allow":["GET"]}}],"collection":[{"href":"https:\/\/josegarciailuminacion.com.ar\/index.php\/wp-json\/wp\/v2\/product"}],"about":[{"href":"https:\/\/josegarciailuminacion.com.ar\/index.php\/wp-json\/wp\/v2\/types\/product"}],"wp:featuredmedia":[{"embeddable":true,"href":"https:\/\/josegarciailuminacion.com.ar\/index.php\/wp-json\/wp\/v2\/media\/4453"}],"wp:attachment":[{"href":"https:\/\/josegarciailuminacion.com.ar\/index.php\/wp-json\/wp\/v2\/media?parent=4350"}],"wp:term":[{"taxonomy":"product_brand","embeddable":true,"href":"https:\/\/josegarciailuminacion.com.ar\/index.php\/wp-json\/wp\/v2\/product_brand?post=4350"},{"taxonomy":"product_cat","embeddable":true,"href":"https:\/\/josegarciailuminacion.com.ar\/index.php\/wp-json\/wp\/v2\/product_cat?post=4350"},{"taxonomy":"product_tag","embeddable":true,"href":"https:\/\/josegarciailuminacion.com.ar\/index.php\/wp-json\/wp\/v2\/product_tag?post=4350"}],"curies":[{"name":"wp","href":"https:\/\/api.w.org\/{rel}","templated":true}]}}