{"id":4322,"date":"2024-11-13T13:04:36","date_gmt":"2024-11-13T16:04:36","guid":{"rendered":"https:\/\/josegarciailuminacion.com.ar\/?post_type=product&#038;p=4322"},"modified":"2025-10-07T11:33:57","modified_gmt":"2025-10-07T14:33:57","slug":"linterna-led-y-luz-de-noche-c-bateria-de-litio-7w","status":"publish","type":"product","link":"https:\/\/josegarciailuminacion.com.ar\/index.php\/producto\/linterna-led-y-luz-de-noche-c-bateria-de-litio-7w\/","title":{"rendered":"Linterna Led Y Luz De Noche C\/Bateria De Litio &#8211; 7W &#8211; TBCin"},"content":{"rendered":"<div class=\"col-lg-12 text-xs !px-0\">\n<div class=\"row g-1\">\n<div class=\"col-12 col-lg-5\"><span class=\"text-black font-semibold\">&#8211; Alimentaci\u00f3n: <\/span>USB 5V<\/div>\n<\/div>\n<\/div>\n<div class=\"col-lg-12 text-xs !px-0\">\n<div class=\"row g-1\">\n<div class=\"col-12 col-lg-5\"><span class=\"text-black font-semibold\">&#8211; Autonom\u00eda linetarna: <\/span>al 100%: 4 Hs<\/div>\n<\/div>\n<\/div>\n<div class=\"col-lg-12 text-xs !px-0\">\n<div class=\"row g-1\">\n<div class=\"col-12 col-lg-5\"><span class=\"text-black font-semibold\">&#8211; Autonom\u00eda sol de noche: <\/span>3,5 Hs<\/div>\n<\/div>\n<\/div>\n<div class=\"col-lg-12 text-xs !px-0\">\n<div class=\"row g-1\">\n<div class=\"col-12 col-lg-5\"><span class=\"text-black font-semibold\">&#8211; Bater\u00eda de Litio: <\/span>3,7V \/ 4800mAh<\/div>\n<\/div>\n<\/div>\n<div class=\"col-lg-12 text-xs !px-0\">\n<div class=\"row g-1\">\n<div class=\"col-12 col-lg-5\"><span class=\"text-black font-semibold\">&#8211; Dimensiones: <\/span>126 x 151 x 232mm<\/div>\n<\/div>\n<\/div>\n<div class=\"col-lg-12 text-xs !px-0\">\n<div class=\"row g-1\">\n<div class=\"col-12 col-lg-5\"><span class=\"text-black font-semibold\">&#8211; Incluye: <\/span>Cable USB<\/div>\n<\/div>\n<\/div>\n<div class=\"col-lg-12 text-xs !px-0\">\n<div class=\"row g-1\">\n<div class=\"col-12 col-lg-5\"><span class=\"text-black font-semibold\">&#8211; Intensidad de luz: <\/span>Dos posiciones<\/div>\n<\/div>\n<\/div>\n<div class=\"col-lg-12 text-xs !px-0\">\n<div class=\"row g-1\">\n<div class=\"col-12 col-lg-5\"><span class=\"text-black font-semibold\">&#8211; Potencia linterna: <\/span>1 x 7W<\/div>\n<\/div>\n<\/div>\n<div class=\"col-lg-12 text-xs !px-0\">\n<div class=\"row g-1\">\n<div class=\"col-12 col-lg-5\"><span class=\"text-black font-semibold\">&#8211; Potencia sol de noche: <\/span>30 x 0,5W (15W)<\/div>\n<div>&#8211; Marca: TBCin<\/div>\n<\/div>\n<\/div>\n","protected":false},"excerpt":{"rendered":"<p>&#8211; Alimentaci\u00f3n: USB 5V &#8211; Autonom\u00eda linetarna: al 100%: 4 Hs &#8211; Autonom\u00eda sol de noche: 3,5 Hs &#8211; Bater\u00eda [&hellip;]<\/p>\n","protected":false},"featured_media":4323,"template":"","meta":{"om_disable_all_campaigns":false,"_monsterinsights_skip_tracking":false,"_monsterinsights_sitenote_active":false,"_monsterinsights_sitenote_note":"","_monsterinsights_sitenote_category":0,"site-sidebar-layout":"default","site-content-layout":"","ast-site-content-layout":"default","site-content-style":"default","site-sidebar-style":"default","ast-global-header-display":"","ast-banner-title-visibility":"","ast-main-header-display":"","ast-hfb-above-header-display":"","ast-hfb-below-header-display":"","ast-hfb-mobile-header-display":"","site-post-title":"","ast-breadcrumbs-content":"","ast-featured-img":"","footer-sml-layout":"","ast-disable-related-posts":"","theme-transparent-header-meta":"default","adv-header-id-meta":"","stick-header-meta":"","header-above-stick-meta":"","header-main-stick-meta":"","header-below-stick-meta":"","astra-migrate-meta-layouts":"set","ast-page-background-enabled":"default","ast-page-background-meta":{"desktop":{"background-color":"var(--ast-global-color-4)","background-image":"","background-repeat":"repeat","background-position":"center center","background-size":"auto","background-attachment":"scroll","background-type":"","background-media":"","overlay-type":"","overlay-color":"","overlay-opacity":"","overlay-gradient":""},"tablet":{"background-color":"","background-image":"","background-repeat":"repeat","background-position":"center center","background-size":"auto","background-attachment":"scroll","background-type":"","background-media":"","overlay-type":"","overlay-color":"","overlay-opacity":"","overlay-gradient":""},"mobile":{"background-color":"","background-image":"","background-repeat":"repeat","background-position":"center center","background-size":"auto","background-attachment":"scroll","background-type":"","background-media":"","overlay-type":"","overlay-color":"","overlay-opacity":"","overlay-gradient":""}},"ast-content-background-meta":{"desktop":{"background-color":"var(--ast-global-color-5)","background-image":"","background-repeat":"repeat","background-position":"center center","background-size":"auto","background-attachment":"scroll","background-type":"","background-media":"","overlay-type":"","overlay-color":"","overlay-opacity":"","overlay-gradient":""},"tablet":{"background-color":"var(--ast-global-color-5)","background-image":"","background-repeat":"repeat","background-position":"center center","background-size":"auto","background-attachment":"scroll","background-type":"","background-media":"","overlay-type":"","overlay-color":"","overlay-opacity":"","overlay-gradient":""},"mobile":{"background-color":"var(--ast-global-color-5)","background-image":"","background-repeat":"repeat","background-position":"center center","background-size":"auto","background-attachment":"scroll","background-type":"","background-media":"","overlay-type":"","overlay-color":"","overlay-opacity":"","overlay-gradient":""}},"_joinchat":[]},"product_brand":[],"product_cat":[115],"product_tag":[],"class_list":{"0":"post-4322","1":"product","2":"type-product","3":"status-publish","4":"has-post-thumbnail","6":"product_cat-linternas","7":"pa_marca-tbcin","8":"desktop-align-left","9":"tablet-align-left","10":"mobile-align-left","12":"first","13":"instock","14":"shipping-taxable","15":"purchasable","16":"product-type-simple"},"aioseo_notices":[],"_links":{"self":[{"href":"https:\/\/josegarciailuminacion.com.ar\/index.php\/wp-json\/wp\/v2\/product\/4322","targetHints":{"allow":["GET"]}}],"collection":[{"href":"https:\/\/josegarciailuminacion.com.ar\/index.php\/wp-json\/wp\/v2\/product"}],"about":[{"href":"https:\/\/josegarciailuminacion.com.ar\/index.php\/wp-json\/wp\/v2\/types\/product"}],"wp:featuredmedia":[{"embeddable":true,"href":"https:\/\/josegarciailuminacion.com.ar\/index.php\/wp-json\/wp\/v2\/media\/4323"}],"wp:attachment":[{"href":"https:\/\/josegarciailuminacion.com.ar\/index.php\/wp-json\/wp\/v2\/media?parent=4322"}],"wp:term":[{"taxonomy":"product_brand","embeddable":true,"href":"https:\/\/josegarciailuminacion.com.ar\/index.php\/wp-json\/wp\/v2\/product_brand?post=4322"},{"taxonomy":"product_cat","embeddable":true,"href":"https:\/\/josegarciailuminacion.com.ar\/index.php\/wp-json\/wp\/v2\/product_cat?post=4322"},{"taxonomy":"product_tag","embeddable":true,"href":"https:\/\/josegarciailuminacion.com.ar\/index.php\/wp-json\/wp\/v2\/product_tag?post=4322"}],"curies":[{"name":"wp","href":"https:\/\/api.w.org\/{rel}","templated":true}]}}