{"id":4298,"date":"2024-11-13T12:01:54","date_gmt":"2024-11-13T15:01:54","guid":{"rendered":"https:\/\/josegarciailuminacion.com.ar\/?post_type=product&#038;p=4298"},"modified":"2025-10-07T11:36:47","modified_gmt":"2025-10-07T14:36:47","slug":"proyector-led-full-espectro-50w-p-plantas-de-interior","status":"publish","type":"product","link":"https:\/\/josegarciailuminacion.com.ar\/index.php\/producto\/proyector-led-full-espectro-50w-p-plantas-de-interior\/","title":{"rendered":"Proyector Led Full Espectro 50W &#8211; P\/ Plantas De Interior &#8211; TBCin"},"content":{"rendered":"<div class=\"col-lg-12 text-xs !px-0\">\n<div class=\"row g-1\">\n<div class=\"col-12 col-lg-5\"><span class=\"text-black font-semibold\">&#8211; Alimentaci\u00f3n: <\/span>230Vca &#8211; 50 Hz<\/div>\n<\/div>\n<\/div>\n<div class=\"col-lg-12 text-xs !px-0\">\n<div class=\"row g-1\">\n<div class=\"col-12 col-lg-5\"><span class=\"text-black font-semibold\">&#8211; Grado de Protecci\u00f3n: <\/span>IP68<\/div>\n<\/div>\n<\/div>\n<div class=\"col-lg-12 text-xs !px-0\">\n<div class=\"row g-1\">\n<div class=\"col-12 col-lg-5\"><span class=\"text-black font-semibold\">&#8211; Incluye: <\/span>Kit de sujeci\u00f3n y 1,5m de cable de PVC<\/div>\n<\/div>\n<\/div>\n<div class=\"col-lg-12 text-xs !px-0\">\n<div class=\"row g-1\">\n<div class=\"col-12 col-lg-5\"><span class=\"text-black font-semibold\">&#8211; Luz: <\/span>Full Espectro<\/div>\n<\/div>\n<\/div>\n<div class=\"col-lg-12 text-xs !px-0\">\n<div class=\"row g-1\">\n<div class=\"col-12 col-lg-5\"><span class=\"text-black font-semibold\">&#8211; Potencia: <\/span>50W<\/div>\n<\/div>\n<\/div>\n<div class=\"col-lg-12 text-xs !px-0\">\n<div class=\"row g-1\">\n<div class=\"col-12 col-lg-5\"><span class=\"text-black font-semibold\">&#8211; Vida \u00fatil: <\/span>30.000 hs<\/div>\n<div>&#8211; Marca: TBCin<\/div>\n<\/div>\n<\/div>\n","protected":false},"excerpt":{"rendered":"<p>&#8211; Alimentaci\u00f3n: 230Vca &#8211; 50 Hz &#8211; Grado de Protecci\u00f3n: IP68 &#8211; Incluye: Kit de sujeci\u00f3n y 1,5m de cable [&hellip;]<\/p>\n","protected":false},"featured_media":4299,"template":"","meta":{"om_disable_all_campaigns":false,"_monsterinsights_skip_tracking":false,"_monsterinsights_sitenote_active":false,"_monsterinsights_sitenote_note":"","_monsterinsights_sitenote_category":0,"site-sidebar-layout":"default","site-content-layout":"","ast-site-content-layout":"default","site-content-style":"default","site-sidebar-style":"default","ast-global-header-display":"","ast-banner-title-visibility":"","ast-main-header-display":"","ast-hfb-above-header-display":"","ast-hfb-below-header-display":"","ast-hfb-mobile-header-display":"","site-post-title":"","ast-breadcrumbs-content":"","ast-featured-img":"","footer-sml-layout":"","ast-disable-related-posts":"","theme-transparent-header-meta":"default","adv-header-id-meta":"","stick-header-meta":"","header-above-stick-meta":"","header-main-stick-meta":"","header-below-stick-meta":"","astra-migrate-meta-layouts":"set","ast-page-background-enabled":"default","ast-page-background-meta":{"desktop":{"background-color":"var(--ast-global-color-4)","background-image":"","background-repeat":"repeat","background-position":"center center","background-size":"auto","background-attachment":"scroll","background-type":"","background-media":"","overlay-type":"","overlay-color":"","overlay-opacity":"","overlay-gradient":""},"tablet":{"background-color":"","background-image":"","background-repeat":"repeat","background-position":"center center","background-size":"auto","background-attachment":"scroll","background-type":"","background-media":"","overlay-type":"","overlay-color":"","overlay-opacity":"","overlay-gradient":""},"mobile":{"background-color":"","background-image":"","background-repeat":"repeat","background-position":"center center","background-size":"auto","background-attachment":"scroll","background-type":"","background-media":"","overlay-type":"","overlay-color":"","overlay-opacity":"","overlay-gradient":""}},"ast-content-background-meta":{"desktop":{"background-color":"var(--ast-global-color-5)","background-image":"","background-repeat":"repeat","background-position":"center center","background-size":"auto","background-attachment":"scroll","background-type":"","background-media":"","overlay-type":"","overlay-color":"","overlay-opacity":"","overlay-gradient":""},"tablet":{"background-color":"var(--ast-global-color-5)","background-image":"","background-repeat":"repeat","background-position":"center center","background-size":"auto","background-attachment":"scroll","background-type":"","background-media":"","overlay-type":"","overlay-color":"","overlay-opacity":"","overlay-gradient":""},"mobile":{"background-color":"var(--ast-global-color-5)","background-image":"","background-repeat":"repeat","background-position":"center center","background-size":"auto","background-attachment":"scroll","background-type":"","background-media":"","overlay-type":"","overlay-color":"","overlay-opacity":"","overlay-gradient":""}},"_joinchat":[]},"product_brand":[],"product_cat":[106],"product_tag":[],"class_list":{"0":"post-4298","1":"product","2":"type-product","3":"status-publish","4":"has-post-thumbnail","6":"product_cat-smart-proyectores","7":"pa_cantidad-luces-145","8":"pa_color-color-negro","9":"pa_marca-tbcin","10":"desktop-align-left","11":"tablet-align-left","12":"mobile-align-left","14":"first","15":"instock","16":"shipping-taxable","17":"purchasable","18":"product-type-simple"},"aioseo_notices":[],"_links":{"self":[{"href":"https:\/\/josegarciailuminacion.com.ar\/index.php\/wp-json\/wp\/v2\/product\/4298","targetHints":{"allow":["GET"]}}],"collection":[{"href":"https:\/\/josegarciailuminacion.com.ar\/index.php\/wp-json\/wp\/v2\/product"}],"about":[{"href":"https:\/\/josegarciailuminacion.com.ar\/index.php\/wp-json\/wp\/v2\/types\/product"}],"wp:featuredmedia":[{"embeddable":true,"href":"https:\/\/josegarciailuminacion.com.ar\/index.php\/wp-json\/wp\/v2\/media\/4299"}],"wp:attachment":[{"href":"https:\/\/josegarciailuminacion.com.ar\/index.php\/wp-json\/wp\/v2\/media?parent=4298"}],"wp:term":[{"taxonomy":"product_brand","embeddable":true,"href":"https:\/\/josegarciailuminacion.com.ar\/index.php\/wp-json\/wp\/v2\/product_brand?post=4298"},{"taxonomy":"product_cat","embeddable":true,"href":"https:\/\/josegarciailuminacion.com.ar\/index.php\/wp-json\/wp\/v2\/product_cat?post=4298"},{"taxonomy":"product_tag","embeddable":true,"href":"https:\/\/josegarciailuminacion.com.ar\/index.php\/wp-json\/wp\/v2\/product_tag?post=4298"}],"curies":[{"name":"wp","href":"https:\/\/api.w.org\/{rel}","templated":true}]}}