{"id":4263,"date":"2024-11-13T10:06:21","date_gmt":"2024-11-13T13:06:21","guid":{"rendered":"https:\/\/josegarciailuminacion.com.ar\/?post_type=product&#038;p=4263"},"modified":"2025-10-07T11:38:33","modified_gmt":"2025-10-07T14:38:33","slug":"lampara-led-de-pie-smart-esquinero-20w-rgb","status":"publish","type":"product","link":"https:\/\/josegarciailuminacion.com.ar\/index.php\/producto\/lampara-led-de-pie-smart-esquinero-20w-rgb\/","title":{"rendered":"Lampara Led De Pie Smart Esquinero 20w &#8211; RGB &#8211; TBCin"},"content":{"rendered":"<div class=\"col-lg-12 text-xs !px-0\">\n<div class=\"row g-1\">\n<div class=\"col-12 col-lg-5\"><span class=\"text-black font-semibold\">&#8211; App: <\/span>Smart Life<\/div>\n<\/div>\n<\/div>\n<div class=\"col-lg-12 text-xs !px-0\">\n<div class=\"row g-1\">\n<div class=\"col-12 col-lg-5\"><span class=\"text-black font-semibold\">&#8211; Conexi\u00f3n: <\/span>Wi-Fi<\/div>\n<\/div>\n<\/div>\n<div class=\"col-lg-12 text-xs !px-0\">\n<div class=\"row g-1\">\n<div class=\"col-12 col-lg-5\"><span class=\"text-black font-semibold\">&#8211; Dimerizable: <\/span>4 pasos<\/div>\n<\/div>\n<\/div>\n<div class=\"col-lg-12 text-xs !px-0\">\n<div class=\"row g-1\">\n<div class=\"col-12 col-lg-5\"><span class=\"text-black font-semibold\">&#8211; Fuente inclu\u00edda: <\/span>CH-20<\/div>\n<\/div>\n<\/div>\n<div class=\"col-lg-12 text-xs !px-0\">\n<div class=\"row g-1\">\n<div class=\"col-12 col-lg-5\"><span class=\"text-black font-semibold\">&#8211; Funci\u00f3n audior\u00edtmica: <\/span>Si<\/div>\n<\/div>\n<\/div>\n<div class=\"col-lg-12 text-xs !px-0\">\n<div class=\"row g-1\">\n<div class=\"col-12 col-lg-5\"><span class=\"text-black font-semibold\">&#8211; Lumens: <\/span>1200<\/div>\n<\/div>\n<\/div>\n<div class=\"col-lg-12 text-xs !px-0\">\n<div class=\"row g-1\">\n<div class=\"col-12 col-lg-5\"><span class=\"text-black font-semibold\">&#8211; Luz: <\/span>RGB+WW (3000 \u00b0K)<\/div>\n<\/div>\n<\/div>\n<div class=\"col-lg-12 text-xs !px-0\">\n<div class=\"row g-1\">\n<div class=\"col-12 col-lg-5\"><span class=\"text-black font-semibold\">&#8211; Material: <\/span>Aluminio + ABS<\/div>\n<\/div>\n<\/div>\n<div class=\"col-lg-12 text-xs !px-0\">\n<div class=\"row g-1\">\n<div class=\"col-12 col-lg-5\"><span class=\"text-black font-semibold\">&#8211; Potencia: <\/span>20W<\/div>\n<\/div>\n<\/div>\n<div class=\"col-lg-12 text-xs !px-0\">\n<div class=\"row g-1\">\n<div class=\"col-12 col-lg-5\"><span class=\"text-black font-semibold\">&#8211; Tensi\u00f3n: <\/span>12Vcc<\/div>\n<\/div>\n<\/div>\n<div class=\"col-lg-12 text-xs !px-0\">\n<div class=\"row g-1\">\n<div class=\"col-12 col-lg-5\"><span class=\"text-black font-semibold\">&#8211; Uso: <\/span>Interior<\/div>\n<div>&#8211; Marca: TBCin<\/div>\n<\/div>\n<\/div>\n","protected":false},"excerpt":{"rendered":"<p>&#8211; App: Smart Life &#8211; Conexi\u00f3n: Wi-Fi &#8211; Dimerizable: 4 pasos &#8211; Fuente inclu\u00edda: CH-20 &#8211; Funci\u00f3n audior\u00edtmica: Si &#8211; [&hellip;]<\/p>\n","protected":false},"featured_media":4439,"template":"","meta":{"om_disable_all_campaigns":false,"_monsterinsights_skip_tracking":false,"_monsterinsights_sitenote_active":false,"_monsterinsights_sitenote_note":"","_monsterinsights_sitenote_category":0,"site-sidebar-layout":"default","site-content-layout":"","ast-site-content-layout":"default","site-content-style":"default","site-sidebar-style":"default","ast-global-header-display":"","ast-banner-title-visibility":"","ast-main-header-display":"","ast-hfb-above-header-display":"","ast-hfb-below-header-display":"","ast-hfb-mobile-header-display":"","site-post-title":"","ast-breadcrumbs-content":"","ast-featured-img":"","footer-sml-layout":"","ast-disable-related-posts":"","theme-transparent-header-meta":"default","adv-header-id-meta":"","stick-header-meta":"","header-above-stick-meta":"","header-main-stick-meta":"","header-below-stick-meta":"","astra-migrate-meta-layouts":"set","ast-page-background-enabled":"default","ast-page-background-meta":{"desktop":{"background-color":"var(--ast-global-color-4)","background-image":"","background-repeat":"repeat","background-position":"center center","background-size":"auto","background-attachment":"scroll","background-type":"","background-media":"","overlay-type":"","overlay-color":"","overlay-opacity":"","overlay-gradient":""},"tablet":{"background-color":"","background-image":"","background-repeat":"repeat","background-position":"center center","background-size":"auto","background-attachment":"scroll","background-type":"","background-media":"","overlay-type":"","overlay-color":"","overlay-opacity":"","overlay-gradient":""},"mobile":{"background-color":"","background-image":"","background-repeat":"repeat","background-position":"center center","background-size":"auto","background-attachment":"scroll","background-type":"","background-media":"","overlay-type":"","overlay-color":"","overlay-opacity":"","overlay-gradient":""}},"ast-content-background-meta":{"desktop":{"background-color":"var(--ast-global-color-5)","background-image":"","background-repeat":"repeat","background-position":"center center","background-size":"auto","background-attachment":"scroll","background-type":"","background-media":"","overlay-type":"","overlay-color":"","overlay-opacity":"","overlay-gradient":""},"tablet":{"background-color":"var(--ast-global-color-5)","background-image":"","background-repeat":"repeat","background-position":"center center","background-size":"auto","background-attachment":"scroll","background-type":"","background-media":"","overlay-type":"","overlay-color":"","overlay-opacity":"","overlay-gradient":""},"mobile":{"background-color":"var(--ast-global-color-5)","background-image":"","background-repeat":"repeat","background-position":"center center","background-size":"auto","background-attachment":"scroll","background-type":"","background-media":"","overlay-type":"","overlay-color":"","overlay-opacity":"","overlay-gradient":""}},"_joinchat":[]},"product_brand":[],"product_cat":[52],"product_tag":[],"class_list":{"0":"post-4263","1":"product","2":"type-product","3":"status-publish","4":"has-post-thumbnail","6":"product_cat-lamparas-pie","7":"pa_color-color-negro","8":"pa_luz-tipo-rgb","9":"pa_marca-tbcin","10":"desktop-align-left","11":"tablet-align-left","12":"mobile-align-left","14":"first","15":"instock","16":"shipping-taxable","17":"purchasable","18":"product-type-simple"},"aioseo_notices":[],"_links":{"self":[{"href":"https:\/\/josegarciailuminacion.com.ar\/index.php\/wp-json\/wp\/v2\/product\/4263","targetHints":{"allow":["GET"]}}],"collection":[{"href":"https:\/\/josegarciailuminacion.com.ar\/index.php\/wp-json\/wp\/v2\/product"}],"about":[{"href":"https:\/\/josegarciailuminacion.com.ar\/index.php\/wp-json\/wp\/v2\/types\/product"}],"wp:featuredmedia":[{"embeddable":true,"href":"https:\/\/josegarciailuminacion.com.ar\/index.php\/wp-json\/wp\/v2\/media\/4439"}],"wp:attachment":[{"href":"https:\/\/josegarciailuminacion.com.ar\/index.php\/wp-json\/wp\/v2\/media?parent=4263"}],"wp:term":[{"taxonomy":"product_brand","embeddable":true,"href":"https:\/\/josegarciailuminacion.com.ar\/index.php\/wp-json\/wp\/v2\/product_brand?post=4263"},{"taxonomy":"product_cat","embeddable":true,"href":"https:\/\/josegarciailuminacion.com.ar\/index.php\/wp-json\/wp\/v2\/product_cat?post=4263"},{"taxonomy":"product_tag","embeddable":true,"href":"https:\/\/josegarciailuminacion.com.ar\/index.php\/wp-json\/wp\/v2\/product_tag?post=4263"}],"curies":[{"name":"wp","href":"https:\/\/api.w.org\/{rel}","templated":true}]}}