{"id":140,"date":"2024-03-11T15:32:43","date_gmt":"2024-03-11T18:32:43","guid":{"rendered":"https:\/\/josegarciailuminacion.com.ar\/?page_id=140"},"modified":"2024-10-18T14:24:25","modified_gmt":"2024-10-18T17:24:25","slug":"nosotros","status":"publish","type":"page","link":"https:\/\/josegarciailuminacion.com.ar\/index.php\/nosotros\/","title":{"rendered":"Nosotros"},"content":{"rendered":"\t\t<div data-elementor-type=\"wp-page\" data-elementor-id=\"140\" class=\"elementor elementor-140\" data-elementor-post-type=\"page\">\n\t\t\t\t<div class=\"elementor-element elementor-element-d27f288 elementor-hidden-mobile_extra elementor-hidden-mobile e-flex e-con-boxed e-con e-parent\" data-id=\"d27f288\" data-element_type=\"container\" data-e-type=\"container\">\n\t\t\t\t\t<div class=\"e-con-inner\">\n\t\t<div class=\"elementor-element elementor-element-4c9a591 e-con-full e-flex e-con e-child\" data-id=\"4c9a591\" data-element_type=\"container\" data-e-type=\"container\">\n\t\t\t\t<div class=\"elementor-element elementor-element-cfabf5f elementor-widget__width-initial elementor-widget elementor-widget-image-gallery\" data-id=\"cfabf5f\" data-element_type=\"widget\" data-e-type=\"widget\" data-widget_type=\"image-gallery.default\">\n\t\t\t\t<div class=\"elementor-widget-container\">\n\t\t\t\t\t\t\t<div class=\"elementor-image-gallery\">\n\t\t\t<div id='gallery-1' class='gallery galleryid-140 gallery-columns-1 gallery-size-full'><figure class='gallery-item'>\n\t\t\t<div class='gallery-icon landscape'>\n\t\t\t\t<img fetchpriority=\"high\" decoding=\"async\" width=\"2480\" height=\"1772\" src=\"https:\/\/josegarciailuminacion.com.ar\/wp-content\/uploads\/2024\/10\/1.jpg\" class=\"attachment-full size-full\" alt=\"\" srcset=\"https:\/\/josegarciailuminacion.com.ar\/wp-content\/uploads\/2024\/10\/1.jpg 2480w, https:\/\/josegarciailuminacion.com.ar\/wp-content\/uploads\/2024\/10\/1-300x214.jpg 300w, https:\/\/josegarciailuminacion.com.ar\/wp-content\/uploads\/2024\/10\/1-1024x732.jpg 1024w, https:\/\/josegarciailuminacion.com.ar\/wp-content\/uploads\/2024\/10\/1-768x549.jpg 768w, https:\/\/josegarciailuminacion.com.ar\/wp-content\/uploads\/2024\/10\/1-1536x1097.jpg 1536w, https:\/\/josegarciailuminacion.com.ar\/wp-content\/uploads\/2024\/10\/1-2048x1463.jpg 2048w, https:\/\/josegarciailuminacion.com.ar\/wp-content\/uploads\/2024\/10\/1-600x429.jpg 600w\" sizes=\"(max-width: 2480px) 100vw, 2480px\" \/>\n\t\t\t<\/div><\/figure><figure class='gallery-item'>\n\t\t\t<div class='gallery-icon landscape'>\n\t\t\t\t<img decoding=\"async\" width=\"2480\" height=\"1772\" src=\"https:\/\/josegarciailuminacion.com.ar\/wp-content\/uploads\/2024\/10\/2.jpg\" class=\"attachment-full size-full\" alt=\"\" srcset=\"https:\/\/josegarciailuminacion.com.ar\/wp-content\/uploads\/2024\/10\/2.jpg 2480w, https:\/\/josegarciailuminacion.com.ar\/wp-content\/uploads\/2024\/10\/2-300x214.jpg 300w, https:\/\/josegarciailuminacion.com.ar\/wp-content\/uploads\/2024\/10\/2-1024x732.jpg 1024w, https:\/\/josegarciailuminacion.com.ar\/wp-content\/uploads\/2024\/10\/2-768x549.jpg 768w, https:\/\/josegarciailuminacion.com.ar\/wp-content\/uploads\/2024\/10\/2-1536x1097.jpg 1536w, https:\/\/josegarciailuminacion.com.ar\/wp-content\/uploads\/2024\/10\/2-2048x1463.jpg 2048w, https:\/\/josegarciailuminacion.com.ar\/wp-content\/uploads\/2024\/10\/2-600x429.jpg 600w\" sizes=\"(max-width: 2480px) 100vw, 2480px\" \/>\n\t\t\t<\/div><\/figure><figure class='gallery-item'>\n\t\t\t<div class='gallery-icon landscape'>\n\t\t\t\t<img decoding=\"async\" width=\"2480\" height=\"1772\" src=\"https:\/\/josegarciailuminacion.com.ar\/wp-content\/uploads\/2024\/10\/3.jpg\" class=\"attachment-full size-full\" alt=\"\" srcset=\"https:\/\/josegarciailuminacion.com.ar\/wp-content\/uploads\/2024\/10\/3.jpg 2480w, https:\/\/josegarciailuminacion.com.ar\/wp-content\/uploads\/2024\/10\/3-300x214.jpg 300w, https:\/\/josegarciailuminacion.com.ar\/wp-content\/uploads\/2024\/10\/3-1024x732.jpg 1024w, https:\/\/josegarciailuminacion.com.ar\/wp-content\/uploads\/2024\/10\/3-768x549.jpg 768w, https:\/\/josegarciailuminacion.com.ar\/wp-content\/uploads\/2024\/10\/3-1536x1097.jpg 1536w, https:\/\/josegarciailuminacion.com.ar\/wp-content\/uploads\/2024\/10\/3-2048x1463.jpg 2048w, https:\/\/josegarciailuminacion.com.ar\/wp-content\/uploads\/2024\/10\/3-600x429.jpg 600w\" sizes=\"(max-width: 2480px) 100vw, 2480px\" \/>\n\t\t\t<\/div><\/figure><figure class='gallery-item'>\n\t\t\t<div class='gallery-icon landscape'>\n\t\t\t\t<img loading=\"lazy\" decoding=\"async\" width=\"1211\" height=\"899\" src=\"https:\/\/josegarciailuminacion.com.ar\/wp-content\/uploads\/2024\/10\/4.jpeg\" class=\"attachment-full size-full\" alt=\"\" srcset=\"https:\/\/josegarciailuminacion.com.ar\/wp-content\/uploads\/2024\/10\/4.jpeg 1211w, https:\/\/josegarciailuminacion.com.ar\/wp-content\/uploads\/2024\/10\/4-300x223.jpeg 300w, https:\/\/josegarciailuminacion.com.ar\/wp-content\/uploads\/2024\/10\/4-1024x760.jpeg 1024w, https:\/\/josegarciailuminacion.com.ar\/wp-content\/uploads\/2024\/10\/4-768x570.jpeg 768w, https:\/\/josegarciailuminacion.com.ar\/wp-content\/uploads\/2024\/10\/4-600x445.jpeg 600w\" sizes=\"(max-width: 1211px) 100vw, 1211px\" \/>\n\t\t\t<\/div><\/figure>\n\t\t<\/div>\n\t\t<\/div>\n\t\t\t\t\t\t<\/div>\n\t\t\t\t<\/div>\n\t\t\t\t<\/div>\n\t\t<div class=\"elementor-element elementor-element-f45a24d e-con-full e-flex e-con e-child\" data-id=\"f45a24d\" data-element_type=\"container\" data-e-type=\"container\">\n\t\t\t\t<div class=\"elementor-element elementor-element-20cd553 elementor-widget elementor-widget-heading\" data-id=\"20cd553\" data-element_type=\"widget\" data-e-type=\"widget\" data-widget_type=\"heading.default\">\n\t\t\t\t<div class=\"elementor-widget-container\">\n\t\t\t\t\t<h2 class=\"elementor-heading-title elementor-size-default\">Conoce mas sobre nosotros<\/h2>\t\t\t\t<\/div>\n\t\t\t\t<\/div>\n\t\t\t\t<div class=\"elementor-element elementor-element-87729ce elementor-widget-tablet_extra__width-initial elementor-widget elementor-widget-text-editor\" data-id=\"87729ce\" data-element_type=\"widget\" data-e-type=\"widget\" data-widget_type=\"text-editor.default\">\n\t\t\t\t<div class=\"elementor-widget-container\">\n\t\t\t\t\t\t\t\t\t<p>En 1950, Jos\u00e9 Garc\u00eda y su familia llegaron a Buenos Aires desde Europa, buscando un nuevo comienzo. Con solo 15 a\u00f1os, Jos\u00e9 y su familia se establecieron en el Hotel de los Inmigrantes, dando el primer paso en su nueva vida en Argentina.<\/p><p>Poco despu\u00e9s, Jos\u00e9 padre encontr\u00f3 trabajo en SEGBA, lo que llev\u00f3 a la familia a mudarse a Mart\u00ednez. Mientras Jos\u00e9 joven trabajaba en electricidad con su padre y estudiaba por la noche, tambi\u00e9n ayudaba a construir el hogar familiar en sus ratos libres.<\/p><p>En 1956, dieron un gran salto al abrir su propia tienda de materiales el\u00e9ctricos en Hip\u00f3lito Irigoyen 1721, que hoy conocemos como\u00a0<b>Jos\u00e9 Garc\u00eda e Hijos S.A.<\/b>\u00a0Gracias al ingenio y la dedicaci\u00f3n de Jos\u00e9, el negocio creci\u00f3 r\u00e1pidamente.\u00a0<\/p><p>Tras el fallecimiento de Jos\u00e9 Garc\u00eda, sus hijos, Gerardo y Jos\u00e9 Antonio, asumieron el liderazgo, manteniendo la esencia familiar mientras llevaban la empresa a nuevas alturas. Hoy en d\u00eda, contamos con 6000m\u00b2\u00a0 de dep\u00f3sitos y una tienda de 300m\u00b2, ofreciendo una amplia gama de productos el\u00e9ctricos y de iluminaci\u00f3n para el hogar, empresas e industrias.<\/p><p>Nos enorgullece combinar nuestra experiencia de m\u00e1s de 66 a\u00f1os con un enfoque moderno, incluyendo ventas y asesoramiento digital. Estamos comprometidos a ofrecer un servicio excepcional a nuestros clientes, con la seriedad y profesionalismo que nos ha caracterizado desde el primer d\u00eda.<\/p>\t\t\t\t\t\t\t\t<\/div>\n\t\t\t\t<\/div>\n\t\t\t\t<\/div>\n\t\t\t\t\t<\/div>\n\t\t\t\t<\/div>\n\t\t<div class=\"elementor-element elementor-element-482cc68 elementor-hidden-widescreen elementor-hidden-desktop elementor-hidden-tablet_extra elementor-hidden-tablet e-flex e-con-boxed e-con e-parent\" data-id=\"482cc68\" data-element_type=\"container\" data-e-type=\"container\">\n\t\t\t\t\t<div class=\"e-con-inner\">\n\t\t<div class=\"elementor-element elementor-element-533dd17 e-con-full e-flex e-con e-child\" data-id=\"533dd17\" data-element_type=\"container\" data-e-type=\"container\">\n\t\t\t\t<div class=\"elementor-element elementor-element-9c23d42 elementor-widget elementor-widget-heading\" data-id=\"9c23d42\" data-element_type=\"widget\" data-e-type=\"widget\" data-widget_type=\"heading.default\">\n\t\t\t\t<div class=\"elementor-widget-container\">\n\t\t\t\t\t<h2 class=\"elementor-heading-title elementor-size-default\">Conoce mas sobre nosotros<\/h2>\t\t\t\t<\/div>\n\t\t\t\t<\/div>\n\t\t\t\t<div class=\"elementor-element elementor-element-46303dc elementor-widget elementor-widget-text-editor\" data-id=\"46303dc\" data-element_type=\"widget\" data-e-type=\"widget\" data-widget_type=\"text-editor.default\">\n\t\t\t\t<div class=\"elementor-widget-container\">\n\t\t\t\t\t\t\t\t\t<p><i>En 1950, Jos\u00e9 Garc\u00eda y su familia llegaron a Buenos Aires desde Europa, buscando un nuevo comienzo. Con solo 15 a\u00f1os, Jos\u00e9 y su familia se establecieron en el Hotel de los Inmigrantes, dando el primer paso en su nueva vida en Argentina.<\/i><\/p><p><i>Poco despu\u00e9s, Jos\u00e9 padre encontr\u00f3 trabajo en SEGBA, lo que llev\u00f3 a la familia a mudarse a Mart\u00ednez. Mientras Jos\u00e9 joven trabajaba en electricidad con su padre y estudiaba por la noche, tambi\u00e9n ayudaba a construir el hogar familiar en sus ratos libres.<\/i><\/p><p><i>En 1956, dieron un gran salto al abrir su propia tienda de materiales el\u00e9ctricos en Hip\u00f3lito Irigoyen 1721, que hoy conocemos como\u00a0<\/i><b><i>Jos\u00e9 Garc\u00eda e Hijos S.A.<\/i><\/b><i>\u00a0Gracias al ingenio y la dedicaci\u00f3n de Jos\u00e9, el negocio creci\u00f3 r\u00e1pidamente.\u00a0<\/i><\/p><p><i>Tras el fallecimiento de Jos\u00e9 Garc\u00eda, sus hijos, Gerardo y Jos\u00e9 Antonio, asumieron el liderazgo, manteniendo la esencia familiar mientras llevaban la empresa a nuevas alturas. Hoy en d\u00eda, contamos con 6000m\u00b2\u00a0 de dep\u00f3sitos y una tienda de 300m\u00b2, ofreciendo una amplia gama de productos el\u00e9ctricos y de iluminaci\u00f3n para el hogar, empresas e industrias.<\/i><\/p><p><i>Nos enorgullece combinar nuestra experiencia de m\u00e1s de 66 a\u00f1os con un enfoque moderno, incluyendo ventas y asesoramiento digital. Estamos comprometidos a ofrecer un servicio excepcional a nuestros clientes, con la seriedad y profesionalismo que nos ha caracterizado desde el primer d\u00eda.<\/i><\/p>\t\t\t\t\t\t\t\t<\/div>\n\t\t\t\t<\/div>\n\t\t\t\t<\/div>\n\t\t<div class=\"elementor-element elementor-element-30f7fc5 e-con-full e-flex e-con e-child\" data-id=\"30f7fc5\" data-element_type=\"container\" data-e-type=\"container\">\n\t\t\t\t<div class=\"elementor-element elementor-element-07d2cf5 elementor-widget elementor-widget-image-gallery\" data-id=\"07d2cf5\" data-element_type=\"widget\" data-e-type=\"widget\" data-widget_type=\"image-gallery.default\">\n\t\t\t\t<div class=\"elementor-widget-container\">\n\t\t\t\t\t\t\t<div class=\"elementor-image-gallery\">\n\t\t\t<div id='gallery-2' class='gallery galleryid-140 gallery-columns-1 gallery-size-full'><figure class='gallery-item'>\n\t\t\t<div class='gallery-icon landscape'>\n\t\t\t\t<img fetchpriority=\"high\" decoding=\"async\" width=\"2480\" height=\"1772\" src=\"https:\/\/josegarciailuminacion.com.ar\/wp-content\/uploads\/2024\/10\/1.jpg\" class=\"attachment-full size-full\" alt=\"\" srcset=\"https:\/\/josegarciailuminacion.com.ar\/wp-content\/uploads\/2024\/10\/1.jpg 2480w, https:\/\/josegarciailuminacion.com.ar\/wp-content\/uploads\/2024\/10\/1-300x214.jpg 300w, https:\/\/josegarciailuminacion.com.ar\/wp-content\/uploads\/2024\/10\/1-1024x732.jpg 1024w, https:\/\/josegarciailuminacion.com.ar\/wp-content\/uploads\/2024\/10\/1-768x549.jpg 768w, https:\/\/josegarciailuminacion.com.ar\/wp-content\/uploads\/2024\/10\/1-1536x1097.jpg 1536w, https:\/\/josegarciailuminacion.com.ar\/wp-content\/uploads\/2024\/10\/1-2048x1463.jpg 2048w, https:\/\/josegarciailuminacion.com.ar\/wp-content\/uploads\/2024\/10\/1-600x429.jpg 600w\" sizes=\"(max-width: 2480px) 100vw, 2480px\" \/>\n\t\t\t<\/div><\/figure><figure class='gallery-item'>\n\t\t\t<div class='gallery-icon landscape'>\n\t\t\t\t<img decoding=\"async\" width=\"2480\" height=\"1772\" src=\"https:\/\/josegarciailuminacion.com.ar\/wp-content\/uploads\/2024\/10\/2.jpg\" class=\"attachment-full size-full\" alt=\"\" srcset=\"https:\/\/josegarciailuminacion.com.ar\/wp-content\/uploads\/2024\/10\/2.jpg 2480w, https:\/\/josegarciailuminacion.com.ar\/wp-content\/uploads\/2024\/10\/2-300x214.jpg 300w, https:\/\/josegarciailuminacion.com.ar\/wp-content\/uploads\/2024\/10\/2-1024x732.jpg 1024w, https:\/\/josegarciailuminacion.com.ar\/wp-content\/uploads\/2024\/10\/2-768x549.jpg 768w, https:\/\/josegarciailuminacion.com.ar\/wp-content\/uploads\/2024\/10\/2-1536x1097.jpg 1536w, https:\/\/josegarciailuminacion.com.ar\/wp-content\/uploads\/2024\/10\/2-2048x1463.jpg 2048w, https:\/\/josegarciailuminacion.com.ar\/wp-content\/uploads\/2024\/10\/2-600x429.jpg 600w\" sizes=\"(max-width: 2480px) 100vw, 2480px\" \/>\n\t\t\t<\/div><\/figure><figure class='gallery-item'>\n\t\t\t<div class='gallery-icon landscape'>\n\t\t\t\t<img decoding=\"async\" width=\"2480\" height=\"1772\" src=\"https:\/\/josegarciailuminacion.com.ar\/wp-content\/uploads\/2024\/10\/3.jpg\" class=\"attachment-full size-full\" alt=\"\" srcset=\"https:\/\/josegarciailuminacion.com.ar\/wp-content\/uploads\/2024\/10\/3.jpg 2480w, https:\/\/josegarciailuminacion.com.ar\/wp-content\/uploads\/2024\/10\/3-300x214.jpg 300w, https:\/\/josegarciailuminacion.com.ar\/wp-content\/uploads\/2024\/10\/3-1024x732.jpg 1024w, https:\/\/josegarciailuminacion.com.ar\/wp-content\/uploads\/2024\/10\/3-768x549.jpg 768w, https:\/\/josegarciailuminacion.com.ar\/wp-content\/uploads\/2024\/10\/3-1536x1097.jpg 1536w, https:\/\/josegarciailuminacion.com.ar\/wp-content\/uploads\/2024\/10\/3-2048x1463.jpg 2048w, https:\/\/josegarciailuminacion.com.ar\/wp-content\/uploads\/2024\/10\/3-600x429.jpg 600w\" sizes=\"(max-width: 2480px) 100vw, 2480px\" \/>\n\t\t\t<\/div><\/figure><figure class='gallery-item'>\n\t\t\t<div class='gallery-icon landscape'>\n\t\t\t\t<img loading=\"lazy\" decoding=\"async\" width=\"1211\" height=\"899\" src=\"https:\/\/josegarciailuminacion.com.ar\/wp-content\/uploads\/2024\/10\/4.jpeg\" class=\"attachment-full size-full\" alt=\"\" srcset=\"https:\/\/josegarciailuminacion.com.ar\/wp-content\/uploads\/2024\/10\/4.jpeg 1211w, https:\/\/josegarciailuminacion.com.ar\/wp-content\/uploads\/2024\/10\/4-300x223.jpeg 300w, https:\/\/josegarciailuminacion.com.ar\/wp-content\/uploads\/2024\/10\/4-1024x760.jpeg 1024w, https:\/\/josegarciailuminacion.com.ar\/wp-content\/uploads\/2024\/10\/4-768x570.jpeg 768w, https:\/\/josegarciailuminacion.com.ar\/wp-content\/uploads\/2024\/10\/4-600x445.jpeg 600w\" sizes=\"(max-width: 1211px) 100vw, 1211px\" \/>\n\t\t\t<\/div><\/figure>\n\t\t<\/div>\n\t\t<\/div>\n\t\t\t\t\t\t<\/div>\n\t\t\t\t<\/div>\n\t\t\t\t<\/div>\n\t\t\t\t\t<\/div>\n\t\t\t\t<\/div>\n\t\t<div class=\"elementor-element elementor-element-12441a5 e-con-full e-flex e-con e-parent\" data-id=\"12441a5\" data-element_type=\"container\" data-e-type=\"container\">\n\t\t<div class=\"elementor-element elementor-element-a65edbb e-con-full e-flex e-con e-child\" data-id=\"a65edbb\" data-element_type=\"container\" data-e-type=\"container\">\n\t\t\t\t<div class=\"elementor-element elementor-element-cbda5ef elementor-widget__width-initial elementor-widget-mobile__width-initial elementor-widget elementor-widget-image\" data-id=\"cbda5ef\" data-element_type=\"widget\" data-e-type=\"widget\" data-widget_type=\"image.default\">\n\t\t\t\t<div class=\"elementor-widget-container\">\n\t\t\t\t\t\t\t\t\t\t\t\t\t\t\t\t<a href=\"https:\/\/servicioscf.afip.gob.ar\/publico\/denuncias\/denunciaCD.aspx\" target=\"_blank\">\n\t\t\t\t\t\t\t<img loading=\"lazy\" decoding=\"async\" width=\"239\" height=\"327\" src=\"https:\/\/josegarciailuminacion.com.ar\/wp-content\/uploads\/2024\/10\/DATAWEB.jpg\" class=\"attachment-large size-large wp-image-3424\" alt=\"\" srcset=\"https:\/\/josegarciailuminacion.com.ar\/wp-content\/uploads\/2024\/10\/DATAWEB.jpg 239w, https:\/\/josegarciailuminacion.com.ar\/wp-content\/uploads\/2024\/10\/DATAWEB-219x300.jpg 219w\" sizes=\"(max-width: 239px) 100vw, 239px\" \/>\t\t\t\t\t\t\t\t<\/a>\n\t\t\t\t\t\t\t\t\t\t\t\t\t\t\t<\/div>\n\t\t\t\t<\/div>\n\t\t\t\t<\/div>\n\t\t<div class=\"elementor-element elementor-element-bf7d6ba e-con-full e-flex e-con e-child\" data-id=\"bf7d6ba\" data-element_type=\"container\" data-e-type=\"container\">\n\t\t\t\t<div class=\"elementor-element elementor-element-08cc76f elementor-widget elementor-widget-heading\" data-id=\"08cc76f\" data-element_type=\"widget\" data-e-type=\"widget\" data-widget_type=\"heading.default\">\n\t\t\t\t<div class=\"elementor-widget-container\">\n\t\t\t\t\t<h2 class=\"elementor-heading-title elementor-size-default\"><a href=\"https:\/\/josegarciailuminacion.com.ar\/index.php\/boton-de-arrepentimiento\/\">Bot\u00f3n de arrepentimiento<\/a><\/h2>\t\t\t\t<\/div>\n\t\t\t\t<\/div>\n\t\t\t\t<\/div>\n\t\t<div class=\"elementor-element elementor-element-8ebdc87 e-con-full e-flex e-con e-child\" data-id=\"8ebdc87\" data-element_type=\"container\" data-e-type=\"container\">\n\t\t\t\t<div class=\"elementor-element elementor-element-6ffdd7d elementor-widget elementor-widget-heading\" data-id=\"6ffdd7d\" data-element_type=\"widget\" data-e-type=\"widget\" data-widget_type=\"heading.default\">\n\t\t\t\t<div class=\"elementor-widget-container\">\n\t\t\t\t\t<h2 class=\"elementor-heading-title elementor-size-default\"><a href=\"https:\/\/josegarciailuminacion.com.ar\/index.php\/cambios-y-devoluciones\/\">Cambios y devoluciones<\/a><\/h2>\t\t\t\t<\/div>\n\t\t\t\t<\/div>\n\t\t\t\t<\/div>\n\t\t<div class=\"elementor-element elementor-element-13b637e e-con-full e-flex e-con e-child\" data-id=\"13b637e\" data-element_type=\"container\" data-e-type=\"container\">\n\t\t\t\t<div class=\"elementor-element elementor-element-a9f3efa elementor-widget elementor-widget-heading\" data-id=\"a9f3efa\" data-element_type=\"widget\" data-e-type=\"widget\" data-widget_type=\"heading.default\">\n\t\t\t\t<div class=\"elementor-widget-container\">\n\t\t\t\t\t<h2 class=\"elementor-heading-title elementor-size-default\"><a href=\"https:\/\/josegarciailuminacion.com.ar\/index.php\/nosotros\/\">Sobre Jos\u00e9 Garc\u00eda<\/a><\/h2>\t\t\t\t<\/div>\n\t\t\t\t<\/div>\n\t\t\t\t<\/div>\n\t\t\t\t<\/div>\n\t\t\t\t<\/div>\n\t\t","protected":false},"excerpt":{"rendered":"<p>Conoce mas sobre nosotros En 1950, Jos\u00e9 Garc\u00eda y su familia llegaron a Buenos Aires desde Europa, buscando un nuevo [&hellip;]<\/p>\n","protected":false},"author":1,"featured_media":0,"parent":0,"menu_order":0,"comment_status":"closed","ping_status":"closed","template":"","meta":{"om_disable_all_campaigns":false,"_monsterinsights_skip_tracking":false,"_monsterinsights_sitenote_active":false,"_monsterinsights_sitenote_note":"","_monsterinsights_sitenote_category":0,"site-sidebar-layout":"no-sidebar","site-content-layout":"","ast-site-content-layout":"full-width-container","site-content-style":"default","site-sidebar-style":"default","ast-global-header-display":"","ast-banner-title-visibility":"","ast-main-header-display":"","ast-hfb-above-header-display":"","ast-hfb-below-header-display":"","ast-hfb-mobile-header-display":"","site-post-title":"disabled","ast-breadcrumbs-content":"","ast-featured-img":"disabled","footer-sml-layout":"","ast-disable-related-posts":"","theme-transparent-header-meta":"","adv-header-id-meta":"","stick-header-meta":"","header-above-stick-meta":"","header-main-stick-meta":"","header-below-stick-meta":"","astra-migrate-meta-layouts":"default","ast-page-background-enabled":"default","ast-page-background-meta":{"desktop":{"background-color":"var(--ast-global-color-4)","background-image":"","background-repeat":"repeat","background-position":"center center","background-size":"auto","background-attachment":"scroll","background-type":"","background-media":"","overlay-type":"","overlay-color":"","overlay-opacity":"","overlay-gradient":""},"tablet":{"background-color":"","background-image":"","background-repeat":"repeat","background-position":"center center","background-size":"auto","background-attachment":"scroll","background-type":"","background-media":"","overlay-type":"","overlay-color":"","overlay-opacity":"","overlay-gradient":""},"mobile":{"background-color":"","background-image":"","background-repeat":"repeat","background-position":"center center","background-size":"auto","background-attachment":"scroll","background-type":"","background-media":"","overlay-type":"","overlay-color":"","overlay-opacity":"","overlay-gradient":""}},"ast-content-background-meta":{"desktop":{"background-color":"var(--ast-global-color-5)","background-image":"","background-repeat":"repeat","background-position":"center center","background-size":"auto","background-attachment":"scroll","background-type":"","background-media":"","overlay-type":"","overlay-color":"","overlay-opacity":"","overlay-gradient":""},"tablet":{"background-color":"var(--ast-global-color-5)","background-image":"","background-repeat":"repeat","background-position":"center center","background-size":"auto","background-attachment":"scroll","background-type":"","background-media":"","overlay-type":"","overlay-color":"","overlay-opacity":"","overlay-gradient":""},"mobile":{"background-color":"var(--ast-global-color-5)","background-image":"","background-repeat":"repeat","background-position":"center center","background-size":"auto","background-attachment":"scroll","background-type":"","background-media":"","overlay-type":"","overlay-color":"","overlay-opacity":"","overlay-gradient":""}},"_joinchat":[],"footnotes":""},"class_list":["post-140","page","type-page","status-publish","hentry"],"aioseo_notices":[],"_links":{"self":[{"href":"https:\/\/josegarciailuminacion.com.ar\/index.php\/wp-json\/wp\/v2\/pages\/140","targetHints":{"allow":["GET"]}}],"collection":[{"href":"https:\/\/josegarciailuminacion.com.ar\/index.php\/wp-json\/wp\/v2\/pages"}],"about":[{"href":"https:\/\/josegarciailuminacion.com.ar\/index.php\/wp-json\/wp\/v2\/types\/page"}],"author":[{"embeddable":true,"href":"https:\/\/josegarciailuminacion.com.ar\/index.php\/wp-json\/wp\/v2\/users\/1"}],"replies":[{"embeddable":true,"href":"https:\/\/josegarciailuminacion.com.ar\/index.php\/wp-json\/wp\/v2\/comments?post=140"}],"version-history":[{"count":119,"href":"https:\/\/josegarciailuminacion.com.ar\/index.php\/wp-json\/wp\/v2\/pages\/140\/revisions"}],"predecessor-version":[{"id":3604,"href":"https:\/\/josegarciailuminacion.com.ar\/index.php\/wp-json\/wp\/v2\/pages\/140\/revisions\/3604"}],"wp:attachment":[{"href":"https:\/\/josegarciailuminacion.com.ar\/index.php\/wp-json\/wp\/v2\/media?parent=140"}],"curies":[{"name":"wp","href":"https:\/\/api.w.org\/{rel}","templated":true}]}}